{"id":16,"date":"2026-01-14T10:48:04","date_gmt":"2026-01-14T10:48:04","guid":{"rendered":"https:\/\/abendstimmung.net\/?page_id=16"},"modified":"2026-03-25T10:47:29","modified_gmt":"2026-03-25T10:47:29","slug":"home","status":"publish","type":"page","link":"https:\/\/abendstimmung.net\/index.php\/home\/","title":{"rendered":"Home"},"content":{"rendered":"\t\t<div data-elementor-type=\"wp-page\" data-elementor-id=\"16\" class=\"elementor elementor-16\" data-elementor-settings=\"{&quot;ha_cmc_init_switcher&quot;:&quot;no&quot;}\" data-elementor-post-type=\"page\">\n\t\t\t\t<div class=\"elementor-element elementor-element-7ea3089 e-con-full e-flex e-con e-parent\" data-id=\"7ea3089\" data-element_type=\"container\" data-e-type=\"container\" data-settings=\"{&quot;_ha_eqh_enable&quot;:false}\">\n\t\t\t\t<div class=\"elementor-element elementor-element-58230f0 elementor-widget elementor-widget-video\" data-id=\"58230f0\" data-element_type=\"widget\" data-e-type=\"widget\" data-settings=\"{&quot;youtube_url&quot;:&quot;https:\\\/\\\/www.youtube.com\\\/watch?v=upY0CQFFE5A&quot;,&quot;autoplay&quot;:&quot;yes&quot;,&quot;loop&quot;:&quot;yes&quot;,&quot;video_type&quot;:&quot;youtube&quot;}\" data-widget_type=\"video.default\">\n\t\t\t\t\t\t\t<div class=\"elementor-wrapper elementor-open-inline\">\n\t\t\t<div class=\"elementor-video\"><\/div>\t\t<\/div>\n\t\t\t\t\t\t<\/div>\n\t\t\t\t<\/div>\n\t\t<div class=\"elementor-element elementor-element-4d4b4f2 e-flex e-con-boxed e-con e-parent\" data-id=\"4d4b4f2\" data-element_type=\"container\" data-e-type=\"container\" data-settings=\"{&quot;_ha_eqh_enable&quot;:false}\">\n\t\t\t\t\t<div class=\"e-con-inner\">\n\t\t\t\t<div class=\"elementor-element elementor-element-761090f elementor-widget elementor-widget-image\" data-id=\"761090f\" data-element_type=\"widget\" data-e-type=\"widget\" data-widget_type=\"image.default\">\n\t\t\t\t\t\t\t\t\t\t\t\t\t\t\t<img decoding=\"async\" width=\"150\" height=\"150\" src=\"https:\/\/abendstimmung.net\/wp-content\/uploads\/2026\/01\/Logo_klein-1-150x150.png\" class=\"attachment-thumbnail size-thumbnail wp-image-54\" alt=\"\" srcset=\"https:\/\/abendstimmung.net\/wp-content\/uploads\/2026\/01\/Logo_klein-1-150x150.png 150w, https:\/\/abendstimmung.net\/wp-content\/uploads\/2026\/01\/Logo_klein-1-300x300.png 300w, https:\/\/abendstimmung.net\/wp-content\/uploads\/2026\/01\/Logo_klein-1-1024x1024.png 1024w, https:\/\/abendstimmung.net\/wp-content\/uploads\/2026\/01\/Logo_klein-1-768x768.png 768w, https:\/\/abendstimmung.net\/wp-content\/uploads\/2026\/01\/Logo_klein-1-1536x1536.png 1536w, https:\/\/abendstimmung.net\/wp-content\/uploads\/2026\/01\/Logo_klein-1-2048x2048.png 2048w, https:\/\/abendstimmung.net\/wp-content\/uploads\/2026\/01\/elementor\/thumbs\/Logo_klein-1-scaled-rhw0cdgfjzfjurj2vgaoad7o1ocpmw21f22g8f062w.png 20w, https:\/\/abendstimmung.net\/wp-content\/uploads\/2026\/01\/elementor\/thumbs\/Logo_klein-1-scaled-rhw0cdgg5wtrnrly2wq9cemukcgiyrnwcyd1b48s3g.png 70w\" sizes=\"(max-width: 150px) 100vw, 150px\" \/>\t\t\t\t\t\t\t\t\t\t\t\t\t\t\t<\/div>\n\t\t\t\t\t<\/div>\n\t\t\t\t<\/div>\n\t\t<div class=\"elementor-element elementor-element-c0718ce e-flex e-con-boxed e-con e-parent\" data-id=\"c0718ce\" data-element_type=\"container\" data-e-type=\"container\" data-settings=\"{&quot;_ha_eqh_enable&quot;:false}\">\n\t\t\t\t\t<div class=\"e-con-inner\">\n\t\t\t\t<div class=\"elementor-element elementor-element-829626e elementor-widget elementor-widget-heading\" data-id=\"829626e\" data-element_type=\"widget\" data-e-type=\"widget\" data-widget_type=\"heading.default\">\n\t\t\t\t\t<h2 class=\"elementor-heading-title elementor-size-default\">Traditionelles Handwerk trifft moderne Gestaltung.<\/h2>\t\t\t\t<\/div>\n\t\t\t\t<div class=\"elementor-element elementor-element-f2ee879 elementor-widget-divider--view-line elementor-widget elementor-widget-divider\" data-id=\"f2ee879\" data-element_type=\"widget\" data-e-type=\"widget\" data-widget_type=\"divider.default\">\n\t\t\t\t\t\t\t<div class=\"elementor-divider\">\n\t\t\t<span class=\"elementor-divider-separator\">\n\t\t\t\t\t\t<\/span>\n\t\t<\/div>\n\t\t\t\t\t\t<\/div>\n\t\t\t\t<div class=\"elementor-element elementor-element-266a411 elementor-widget elementor-widget-heading\" data-id=\"266a411\" data-element_type=\"widget\" data-e-type=\"widget\" data-widget_type=\"heading.default\">\n\t\t\t\t\t<h2 class=\"elementor-heading-title elementor-size-default\">In unserer Tischlerei entstehen M\u00f6bel und Innenausbauten, die genau auf Ihre W\u00fcnsche zugeschnitten sind. Mit Pr\u00e4zision, Kreativit\u00e4t und Liebe zum Detail verwandeln wir Holz in einzigartige St\u00fccke \u2013 langlebig, funktional und \u00e4sthetisch. Ob individuelle Einrichtung, Ma\u00dfm\u00f6bel oder Renovierungen: Wir bringen Qualit\u00e4t und Leidenschaft in jedes Projekt und schaffen R\u00e4ume, in denen man sich wohlf\u00fchlt.<\/h2>\t\t\t\t<\/div>\n\t\t\t\t\t<\/div>\n\t\t\t\t<\/div>\n\t\t<div class=\"elementor-element elementor-element-55d07f0 e-flex e-con-boxed e-con e-parent\" data-id=\"55d07f0\" data-element_type=\"container\" data-e-type=\"container\" data-settings=\"{&quot;_ha_eqh_enable&quot;:false}\">\n\t\t\t\t\t<div class=\"e-con-inner\">\n\t\t\t\t<div class=\"elementor-element elementor-element-1422e22 elementor-widget elementor-widget-heading\" data-id=\"1422e22\" data-element_type=\"widget\" data-e-type=\"widget\" data-widget_type=\"heading.default\">\n\t\t\t\t\t<h2 class=\"elementor-heading-title elementor-size-default\">VON DER PLANUNG BIS ZUR\nUMSETZUNG AUS EINER HAND<\/h2>\t\t\t\t<\/div>\n\t\t\t\t<div class=\"elementor-element elementor-element-579f273 elementor-widget-divider--view-line elementor-widget elementor-widget-divider\" data-id=\"579f273\" data-element_type=\"widget\" data-e-type=\"widget\" data-widget_type=\"divider.default\">\n\t\t\t\t\t\t\t<div class=\"elementor-divider\">\n\t\t\t<span class=\"elementor-divider-separator\">\n\t\t\t\t\t\t<\/span>\n\t\t<\/div>\n\t\t\t\t\t\t<\/div>\n\t\t\t\t\t<\/div>\n\t\t\t\t<\/div>\n\t\t<div class=\"elementor-element elementor-element-115bf3e e-grid elementor-hidden-tablet elementor-hidden-mobile e-con-boxed e-con e-parent\" data-id=\"115bf3e\" data-element_type=\"container\" data-e-type=\"container\" data-settings=\"{&quot;_ha_eqh_enable&quot;:false}\">\n\t\t\t\t\t<div class=\"e-con-inner\">\n\t\t\t\t<div class=\"elementor-element elementor-element-660ac75 elementor-widget elementor-widget-image\" data-id=\"660ac75\" data-element_type=\"widget\" data-e-type=\"widget\" data-widget_type=\"image.default\">\n\t\t\t\t\t\t\t\t\t\t\t\t\t\t\t<img fetchpriority=\"high\" decoding=\"async\" width=\"800\" height=\"578\" src=\"https:\/\/abendstimmung.net\/wp-content\/uploads\/2026\/03\/DSC07772-HDR-e1773399326373-1024x740.jpg\" class=\"attachment-large size-large wp-image-259\" alt=\"\" srcset=\"https:\/\/abendstimmung.net\/wp-content\/uploads\/2026\/03\/DSC07772-HDR-e1773399326373-1024x740.jpg 1024w, https:\/\/abendstimmung.net\/wp-content\/uploads\/2026\/03\/DSC07772-HDR-e1773399326373-300x217.jpg 300w, https:\/\/abendstimmung.net\/wp-content\/uploads\/2026\/03\/DSC07772-HDR-e1773399326373-768x555.jpg 768w, https:\/\/abendstimmung.net\/wp-content\/uploads\/2026\/03\/DSC07772-HDR-e1773399326373-1536x1111.jpg 1536w, https:\/\/abendstimmung.net\/wp-content\/uploads\/2026\/03\/DSC07772-HDR-e1773399326373.jpg 1888w\" sizes=\"(max-width: 800px) 100vw, 800px\" \/>\t\t\t\t\t\t\t\t\t\t\t\t\t\t\t<\/div>\n\t\t\t\t<div class=\"elementor-element elementor-element-f20ed09 elementor-widget elementor-widget-image\" data-id=\"f20ed09\" data-element_type=\"widget\" data-e-type=\"widget\" data-widget_type=\"image.default\">\n\t\t\t\t\t\t\t\t\t\t\t\t\t\t\t<img decoding=\"async\" width=\"800\" height=\"503\" src=\"https:\/\/abendstimmung.net\/wp-content\/uploads\/2026\/03\/1773397758269-8c92d1ef-1018-455b-8d34-dcddee64a502_2-e1774338508651.jpg\" class=\"attachment-large size-large wp-image-261\" alt=\"\" srcset=\"https:\/\/abendstimmung.net\/wp-content\/uploads\/2026\/03\/1773397758269-8c92d1ef-1018-455b-8d34-dcddee64a502_2-e1774338508651.jpg 964w, https:\/\/abendstimmung.net\/wp-content\/uploads\/2026\/03\/1773397758269-8c92d1ef-1018-455b-8d34-dcddee64a502_2-e1774338508651-300x189.jpg 300w, https:\/\/abendstimmung.net\/wp-content\/uploads\/2026\/03\/1773397758269-8c92d1ef-1018-455b-8d34-dcddee64a502_2-e1774338508651-768x483.jpg 768w\" sizes=\"(max-width: 800px) 100vw, 800px\" \/>\t\t\t\t\t\t\t\t\t\t\t\t\t\t\t<\/div>\n\t\t\t\t<div class=\"elementor-element elementor-element-4af7478 elementor-widget elementor-widget-image\" data-id=\"4af7478\" data-element_type=\"widget\" data-e-type=\"widget\" data-widget_type=\"image.default\">\n\t\t\t\t\t\t\t\t\t\t\t\t\t\t\t<img loading=\"lazy\" decoding=\"async\" width=\"800\" height=\"578\" src=\"https:\/\/abendstimmung.net\/wp-content\/uploads\/2026\/03\/DSC07769-HDR-e1773399306637-1024x740.jpg\" class=\"attachment-large size-large wp-image-262\" alt=\"\" srcset=\"https:\/\/abendstimmung.net\/wp-content\/uploads\/2026\/03\/DSC07769-HDR-e1773399306637-1024x740.jpg 1024w, https:\/\/abendstimmung.net\/wp-content\/uploads\/2026\/03\/DSC07769-HDR-e1773399306637-300x217.jpg 300w, https:\/\/abendstimmung.net\/wp-content\/uploads\/2026\/03\/DSC07769-HDR-e1773399306637-768x555.jpg 768w, https:\/\/abendstimmung.net\/wp-content\/uploads\/2026\/03\/DSC07769-HDR-e1773399306637-1536x1111.jpg 1536w, https:\/\/abendstimmung.net\/wp-content\/uploads\/2026\/03\/DSC07769-HDR-e1773399306637.jpg 1888w\" sizes=\"(max-width: 800px) 100vw, 800px\" \/>\t\t\t\t\t\t\t\t\t\t\t\t\t\t\t<\/div>\n\t\t\t\t\t<\/div>\n\t\t\t\t<\/div>\n\t\t<div class=\"elementor-element elementor-element-5313da7 e-flex e-con-boxed e-con e-parent\" data-id=\"5313da7\" data-element_type=\"container\" data-e-type=\"container\" data-settings=\"{&quot;_ha_eqh_enable&quot;:false}\">\n\t\t\t\t\t<div class=\"e-con-inner\">\n\t\t<div class=\"elementor-element elementor-element-4f133f4 e-con-full e-flex e-con e-child\" data-id=\"4f133f4\" data-element_type=\"container\" data-e-type=\"container\" data-settings=\"{&quot;_ha_eqh_enable&quot;:false}\">\n\t\t\t\t<div class=\"elementor-element elementor-element-4f1f937 elementor-widget elementor-widget-image\" data-id=\"4f1f937\" data-element_type=\"widget\" data-e-type=\"widget\" data-widget_type=\"image.default\">\n\t\t\t\t\t\t\t\t\t\t\t\t\t\t\t<img loading=\"lazy\" decoding=\"async\" width=\"150\" height=\"150\" src=\"https:\/\/abendstimmung.net\/wp-content\/uploads\/2026\/01\/furniture-150x150.png\" class=\"attachment-thumbnail size-thumbnail wp-image-99\" alt=\"\" srcset=\"https:\/\/abendstimmung.net\/wp-content\/uploads\/2026\/01\/furniture-150x150.png 150w, https:\/\/abendstimmung.net\/wp-content\/uploads\/2026\/01\/furniture-300x300.png 300w, https:\/\/abendstimmung.net\/wp-content\/uploads\/2026\/01\/furniture.png 512w\" sizes=\"(max-width: 150px) 100vw, 150px\" \/>\t\t\t\t\t\t\t\t\t\t\t\t\t\t\t<\/div>\n\t\t\t\t<div class=\"elementor-element elementor-element-7439e6a elementor-widget elementor-widget-heading\" data-id=\"7439e6a\" data-element_type=\"widget\" data-e-type=\"widget\" data-widget_type=\"heading.default\">\n\t\t\t\t\t<h2 class=\"elementor-heading-title elementor-size-default\">M\u00f6beltischlerei<\/h2>\t\t\t\t<\/div>\n\t\t\t\t<div class=\"elementor-element elementor-element-f4c7067 elementor-widget elementor-widget-heading\" data-id=\"f4c7067\" data-element_type=\"widget\" data-e-type=\"widget\" data-widget_type=\"heading.default\">\n\t\t\t\t\t<h2 class=\"elementor-heading-title elementor-size-default\">Wir fertigen individuelle M\u00f6bel nach Ma\u00df, die perfekt zu Ihrem Stil und Ihren R\u00e4umen passen. Dabei verbinden wir traditionelles Handwerk mit modernen Techniken, um hochwertige und langlebige Unikate zu schaffen.\u200b<\/h2>\t\t\t\t<\/div>\n\t\t\t\t<div class=\"elementor-element elementor-element-9261f60 elementor-align-center elementor-widget elementor-widget-button\" data-id=\"9261f60\" data-element_type=\"widget\" data-e-type=\"widget\" data-widget_type=\"button.default\">\n\t\t\t\t\t\t\t\t\t\t<a class=\"elementor-button elementor-button-link elementor-size-sm\" href=\"#\">\n\t\t\t\t\t\t<span class=\"elementor-button-content-wrapper\">\n\t\t\t\t\t\t\t\t\t<span class=\"elementor-button-text\">MEHR ERFAHREN<\/span>\n\t\t\t\t\t<\/span>\n\t\t\t\t\t<\/a>\n\t\t\t\t\t\t\t\t<\/div>\n\t\t\t\t<\/div>\n\t\t<div class=\"elementor-element elementor-element-45a4b0a e-con-full e-flex e-con e-child\" data-id=\"45a4b0a\" data-element_type=\"container\" data-e-type=\"container\" data-settings=\"{&quot;_ha_eqh_enable&quot;:false}\">\n\t\t\t\t<div class=\"elementor-element elementor-element-e51dae6 elementor-widget elementor-widget-image\" data-id=\"e51dae6\" data-element_type=\"widget\" data-e-type=\"widget\" data-widget_type=\"image.default\">\n\t\t\t\t\t\t\t\t\t\t\t\t\t\t\t<img loading=\"lazy\" decoding=\"async\" width=\"150\" height=\"150\" src=\"https:\/\/abendstimmung.net\/wp-content\/uploads\/2026\/01\/blueprint-150x150.png\" class=\"attachment-thumbnail size-thumbnail wp-image-101\" alt=\"\" srcset=\"https:\/\/abendstimmung.net\/wp-content\/uploads\/2026\/01\/blueprint-150x150.png 150w, https:\/\/abendstimmung.net\/wp-content\/uploads\/2026\/01\/blueprint-300x300.png 300w, https:\/\/abendstimmung.net\/wp-content\/uploads\/2026\/01\/blueprint.png 512w\" sizes=\"(max-width: 150px) 100vw, 150px\" \/>\t\t\t\t\t\t\t\t\t\t\t\t\t\t\t<\/div>\n\t\t\t\t<div class=\"elementor-element elementor-element-5b1d81b elementor-widget elementor-widget-heading\" data-id=\"5b1d81b\" data-element_type=\"widget\" data-e-type=\"widget\" data-widget_type=\"heading.default\">\n\t\t\t\t\t<h2 class=\"elementor-heading-title elementor-size-default\">Planung<\/h2>\t\t\t\t<\/div>\n\t\t\t\t<div class=\"elementor-element elementor-element-c550d26 elementor-widget elementor-widget-heading\" data-id=\"c550d26\" data-element_type=\"widget\" data-e-type=\"widget\" data-widget_type=\"heading.default\">\n\t\t\t\t\t<h2 class=\"elementor-heading-title elementor-size-default\">Eine gute Planung ist die solide Grundlage jedes wirklich erfolgreichen Projekts. Wir begleiten Sie von der ersten Idee bis zur Umsetzung und sorgen daf\u00fcr, dass jedes Detail perfekt auf Ihre W\u00fcnsche abgestimmt ist.<\/h2>\t\t\t\t<\/div>\n\t\t\t\t<div class=\"elementor-element elementor-element-ce356e5 elementor-align-center elementor-widget elementor-widget-button\" data-id=\"ce356e5\" data-element_type=\"widget\" data-e-type=\"widget\" data-widget_type=\"button.default\">\n\t\t\t\t\t\t\t\t\t\t<a class=\"elementor-button elementor-button-link elementor-size-sm\" href=\"#\">\n\t\t\t\t\t\t<span class=\"elementor-button-content-wrapper\">\n\t\t\t\t\t\t\t\t\t<span class=\"elementor-button-text\">MEHR ERFAHREN<\/span>\n\t\t\t\t\t<\/span>\n\t\t\t\t\t<\/a>\n\t\t\t\t\t\t\t\t<\/div>\n\t\t\t\t<\/div>\n\t\t<div class=\"elementor-element elementor-element-3c1f807 e-con-full e-flex e-con e-child\" data-id=\"3c1f807\" data-element_type=\"container\" data-e-type=\"container\" data-settings=\"{&quot;_ha_eqh_enable&quot;:false}\">\n\t\t\t\t<div class=\"elementor-element elementor-element-8d62853 elementor-widget elementor-widget-image\" data-id=\"8d62853\" data-element_type=\"widget\" data-e-type=\"widget\" data-widget_type=\"image.default\">\n\t\t\t\t\t\t\t\t\t\t\t\t\t\t\t<img loading=\"lazy\" decoding=\"async\" width=\"150\" height=\"150\" src=\"https:\/\/abendstimmung.net\/wp-content\/uploads\/2026\/01\/curve-150x150.png\" class=\"attachment-thumbnail size-thumbnail wp-image-100\" alt=\"\" srcset=\"https:\/\/abendstimmung.net\/wp-content\/uploads\/2026\/01\/curve-150x150.png 150w, https:\/\/abendstimmung.net\/wp-content\/uploads\/2026\/01\/curve-300x300.png 300w, https:\/\/abendstimmung.net\/wp-content\/uploads\/2026\/01\/curve.png 512w\" sizes=\"(max-width: 150px) 100vw, 150px\" \/>\t\t\t\t\t\t\t\t\t\t\t\t\t\t\t<\/div>\n\t\t\t\t<div class=\"elementor-element elementor-element-5b2b650 elementor-widget elementor-widget-heading\" data-id=\"5b2b650\" data-element_type=\"widget\" data-e-type=\"widget\" data-widget_type=\"heading.default\">\n\t\t\t\t\t<h2 class=\"elementor-heading-title elementor-size-default\">Interior Design<\/h2>\t\t\t\t<\/div>\n\t\t\t\t<div class=\"elementor-element elementor-element-a30ac45 elementor-widget elementor-widget-heading\" data-id=\"a30ac45\" data-element_type=\"widget\" data-e-type=\"widget\" data-widget_type=\"heading.default\">\n\t\t\t\t\t<h2 class=\"elementor-heading-title elementor-size-default\">Unser Interior Design steht f\u00fcr durchdachte Raumgestaltung mit Charakter. Wir entwickeln Konzepte, die \u00c4sthetik und Funktion harmonisch vereinen und jedem Raum eine einzigartige Atmosph\u00e4re verleihen.\u200b<\/h2>\t\t\t\t<\/div>\n\t\t\t\t<div class=\"elementor-element elementor-element-1af55ac elementor-align-center elementor-widget elementor-widget-button\" data-id=\"1af55ac\" data-element_type=\"widget\" data-e-type=\"widget\" data-widget_type=\"button.default\">\n\t\t\t\t\t\t\t\t\t\t<a class=\"elementor-button elementor-button-link elementor-size-sm\" href=\"#\">\n\t\t\t\t\t\t<span class=\"elementor-button-content-wrapper\">\n\t\t\t\t\t\t\t\t\t<span class=\"elementor-button-text\">MEHR ERFAHREN<\/span>\n\t\t\t\t\t<\/span>\n\t\t\t\t\t<\/a>\n\t\t\t\t\t\t\t\t<\/div>\n\t\t\t\t<\/div>\n\t\t\t\t\t<\/div>\n\t\t\t\t<\/div>\n\t\t<div class=\"elementor-element elementor-element-cdd1306 e-flex e-con-boxed e-con e-parent\" data-id=\"cdd1306\" data-element_type=\"container\" data-e-type=\"container\" data-settings=\"{&quot;background_background&quot;:&quot;classic&quot;,&quot;_ha_eqh_enable&quot;:false}\">\n\t\t\t\t\t<div class=\"e-con-inner\">\n\t\t\t\t<div class=\"elementor-element elementor-element-1b59654 elementor-widget elementor-widget-heading\" data-id=\"1b59654\" data-element_type=\"widget\" data-e-type=\"widget\" data-widget_type=\"heading.default\">\n\t\t\t\t\t<h2 class=\"elementor-heading-title elementor-size-default\">Unser Empfangsbereich<\/h2>\t\t\t\t<\/div>\n\t\t\t\t<div class=\"elementor-element elementor-element-0cfbec2 elementor-widget elementor-widget-heading\" data-id=\"0cfbec2\" data-element_type=\"widget\" data-e-type=\"widget\" data-widget_type=\"heading.default\">\n\t\t\t\t\t<h2 class=\"elementor-heading-title elementor-size-default\">Herzlich willkommen! Hier empfangen wir unsere Kundinnen und Kunden, besprechen Ideen und planen gemeinsam individuelle Projekte. Wir freuen uns darauf, Ihre W\u00fcnsche in die Realit\u00e4t umzusetzen.<\/h2>\t\t\t\t<\/div>\n\t\t\t\t\t<\/div>\n\t\t\t\t<\/div>\n\t\t<div class=\"elementor-element elementor-element-1c465a7 e-flex e-con-boxed e-con e-parent\" data-id=\"1c465a7\" data-element_type=\"container\" data-e-type=\"container\" data-settings=\"{&quot;_ha_eqh_enable&quot;:false}\">\n\t\t\t\t\t<div class=\"e-con-inner\">\n\t\t\t\t<div class=\"elementor-element elementor-element-137d252 elementor-widget elementor-widget-heading\" data-id=\"137d252\" data-element_type=\"widget\" data-e-type=\"widget\" data-widget_type=\"heading.default\">\n\t\t\t\t\t<h2 class=\"elementor-heading-title elementor-size-default\">Unsere Projekte<\/h2>\t\t\t\t<\/div>\n\t\t\t\t<div class=\"elementor-element elementor-element-5caf3b3 elementor-widget-divider--view-line elementor-widget elementor-widget-divider\" data-id=\"5caf3b3\" data-element_type=\"widget\" data-e-type=\"widget\" data-widget_type=\"divider.default\">\n\t\t\t\t\t\t\t<div class=\"elementor-divider\">\n\t\t\t<span class=\"elementor-divider-separator\">\n\t\t\t\t\t\t<\/span>\n\t\t<\/div>\n\t\t\t\t\t\t<\/div>\n\t\t\t\t<div class=\"elementor-element elementor-element-d959f72 elementor-widget elementor-widget-heading\" data-id=\"d959f72\" data-element_type=\"widget\" data-e-type=\"widget\" data-widget_type=\"heading.default\">\n\t\t\t\t\t<h2 class=\"elementor-heading-title elementor-size-default\">Ein Einblick in unsere Arbeit. Jedes Projekt erz\u00e4hlt seine eigene Geschichte \u2013 von der ersten Idee bis zum fertigen M\u00f6belst\u00fcck. Wir gestalten R\u00e4ume mit Liebe zum Detail und setzen Ihre Vorstellungen mit h\u00f6chster Handwerkskunst um.<\/h2>\t\t\t\t<\/div>\n\t\t\t\t\t<\/div>\n\t\t\t\t<\/div>\n\t\t<div class=\"elementor-element elementor-element-cd72816 elementor-hidden-desktop elementor-hidden-tablet elementor-hidden-mobile e-flex e-con-boxed e-con e-parent\" data-id=\"cd72816\" data-element_type=\"container\" data-e-type=\"container\" data-settings=\"{&quot;_ha_eqh_enable&quot;:false}\">\n\t\t\t\t\t<div class=\"e-con-inner\">\n\t\t<div class=\"elementor-element elementor-element-2caf75f e-con-full e-flex e-con e-child\" data-id=\"2caf75f\" data-element_type=\"container\" data-e-type=\"container\" data-settings=\"{&quot;_ha_eqh_enable&quot;:false}\">\n\t\t\t\t<div class=\"elementor-element elementor-element-34c1b70 elementor-widget elementor-widget-image\" data-id=\"34c1b70\" data-element_type=\"widget\" data-e-type=\"widget\" data-widget_type=\"image.default\">\n\t\t\t\t\t\t\t\t\t\t\t\t\t\t\t<img loading=\"lazy\" decoding=\"async\" width=\"800\" height=\"534\" src=\"https:\/\/abendstimmung.net\/wp-content\/uploads\/2026\/03\/DSC07757-HDR-1024x683.jpg\" class=\"attachment-large size-large wp-image-306\" alt=\"\" srcset=\"https:\/\/abendstimmung.net\/wp-content\/uploads\/2026\/03\/DSC07757-HDR-1024x683.jpg 1024w, https:\/\/abendstimmung.net\/wp-content\/uploads\/2026\/03\/DSC07757-HDR-300x200.jpg 300w, https:\/\/abendstimmung.net\/wp-content\/uploads\/2026\/03\/DSC07757-HDR-768x512.jpg 768w, https:\/\/abendstimmung.net\/wp-content\/uploads\/2026\/03\/DSC07757-HDR-1536x1024.jpg 1536w, https:\/\/abendstimmung.net\/wp-content\/uploads\/2026\/03\/DSC07757-HDR.jpg 2048w\" sizes=\"(max-width: 800px) 100vw, 800px\" \/>\t\t\t\t\t\t\t\t\t\t\t\t\t\t\t<\/div>\n\t\t\t\t<\/div>\n\t\t<div class=\"elementor-element elementor-element-535d0e0 e-con-full e-flex e-con e-child\" data-id=\"535d0e0\" data-element_type=\"container\" data-e-type=\"container\" data-settings=\"{&quot;_ha_eqh_enable&quot;:false}\">\n\t\t\t\t<div class=\"elementor-element elementor-element-14faffa elementor-widget elementor-widget-image\" data-id=\"14faffa\" data-element_type=\"widget\" data-e-type=\"widget\" data-widget_type=\"image.default\">\n\t\t\t\t\t\t\t\t\t\t\t\t\t\t\t<img loading=\"lazy\" decoding=\"async\" width=\"800\" height=\"534\" src=\"https:\/\/abendstimmung.net\/wp-content\/uploads\/2026\/03\/DSC07748-HDR-1024x683.jpg\" class=\"attachment-large size-large wp-image-305\" alt=\"\" srcset=\"https:\/\/abendstimmung.net\/wp-content\/uploads\/2026\/03\/DSC07748-HDR-1024x683.jpg 1024w, https:\/\/abendstimmung.net\/wp-content\/uploads\/2026\/03\/DSC07748-HDR-300x200.jpg 300w, https:\/\/abendstimmung.net\/wp-content\/uploads\/2026\/03\/DSC07748-HDR-768x512.jpg 768w, https:\/\/abendstimmung.net\/wp-content\/uploads\/2026\/03\/DSC07748-HDR-1536x1024.jpg 1536w, https:\/\/abendstimmung.net\/wp-content\/uploads\/2026\/03\/DSC07748-HDR.jpg 2048w\" sizes=\"(max-width: 800px) 100vw, 800px\" \/>\t\t\t\t\t\t\t\t\t\t\t\t\t\t\t<\/div>\n\t\t\t\t<\/div>\n\t\t<div class=\"elementor-element elementor-element-f5c5ec6 e-con-full e-flex e-con e-child\" data-id=\"f5c5ec6\" data-element_type=\"container\" data-e-type=\"container\" data-settings=\"{&quot;_ha_eqh_enable&quot;:false}\">\n\t\t\t\t<div class=\"elementor-element elementor-element-4ef101e elementor-widget elementor-widget-image\" data-id=\"4ef101e\" data-element_type=\"widget\" data-e-type=\"widget\" data-widget_type=\"image.default\">\n\t\t\t\t\t\t\t\t\t\t\t\t\t\t\t<img loading=\"lazy\" decoding=\"async\" width=\"800\" height=\"534\" src=\"https:\/\/abendstimmung.net\/wp-content\/uploads\/2026\/03\/DSC07814-HDR-1024x683.jpg\" class=\"attachment-large size-large wp-image-310\" alt=\"\" srcset=\"https:\/\/abendstimmung.net\/wp-content\/uploads\/2026\/03\/DSC07814-HDR-1024x683.jpg 1024w, https:\/\/abendstimmung.net\/wp-content\/uploads\/2026\/03\/DSC07814-HDR-300x200.jpg 300w, https:\/\/abendstimmung.net\/wp-content\/uploads\/2026\/03\/DSC07814-HDR-768x512.jpg 768w, https:\/\/abendstimmung.net\/wp-content\/uploads\/2026\/03\/DSC07814-HDR-1536x1024.jpg 1536w, https:\/\/abendstimmung.net\/wp-content\/uploads\/2026\/03\/DSC07814-HDR.jpg 2048w\" sizes=\"(max-width: 800px) 100vw, 800px\" \/>\t\t\t\t\t\t\t\t\t\t\t\t\t\t\t<\/div>\n\t\t\t\t<\/div>\n\t\t<div class=\"elementor-element elementor-element-0015194 e-con-full e-flex e-con e-child\" data-id=\"0015194\" data-element_type=\"container\" data-e-type=\"container\" data-settings=\"{&quot;_ha_eqh_enable&quot;:false}\">\n\t\t\t\t<div class=\"elementor-element elementor-element-9c63fd3 elementor-widget elementor-widget-image\" data-id=\"9c63fd3\" data-element_type=\"widget\" data-e-type=\"widget\" data-widget_type=\"image.default\">\n\t\t\t\t\t\t\t\t\t\t\t\t\t\t\t<img loading=\"lazy\" decoding=\"async\" width=\"800\" height=\"534\" src=\"https:\/\/abendstimmung.net\/wp-content\/uploads\/2026\/03\/DSC07808-HDR-1024x683.jpg\" class=\"attachment-large size-large wp-image-309\" alt=\"\" srcset=\"https:\/\/abendstimmung.net\/wp-content\/uploads\/2026\/03\/DSC07808-HDR-1024x683.jpg 1024w, https:\/\/abendstimmung.net\/wp-content\/uploads\/2026\/03\/DSC07808-HDR-300x200.jpg 300w, https:\/\/abendstimmung.net\/wp-content\/uploads\/2026\/03\/DSC07808-HDR-768x512.jpg 768w, https:\/\/abendstimmung.net\/wp-content\/uploads\/2026\/03\/DSC07808-HDR-1536x1024.jpg 1536w, https:\/\/abendstimmung.net\/wp-content\/uploads\/2026\/03\/DSC07808-HDR.jpg 2048w\" sizes=\"(max-width: 800px) 100vw, 800px\" \/>\t\t\t\t\t\t\t\t\t\t\t\t\t\t\t<\/div>\n\t\t\t\t<\/div>\n\t\t\t\t\t<\/div>\n\t\t\t\t<\/div>\n\t\t\t\t<\/div>\n\t\t","protected":false},"excerpt":{"rendered":"<p>https:\/\/www.youtube.com\/watch?v=upY0CQFFE5A Traditionelles Handwerk trifft moderne Gestaltung. In unserer Tischlerei entstehen M\u00f6bel und Innenausbauten, die genau auf Ihre W\u00fcnsche zugeschnitten sind. Mit Pr\u00e4zision, Kreativit\u00e4t und Liebe zum Detail verwandeln wir Holz in einzigartige St\u00fccke \u2013 langlebig, funktional und \u00e4sthetisch. Ob individuelle Einrichtung, Ma\u00dfm\u00f6bel oder Renovierungen: Wir bringen Qualit\u00e4t und Leidenschaft in jedes Projekt und schaffen R\u00e4ume, [&hellip;]<\/p>\n","protected":false},"author":2,"featured_media":0,"parent":0,"menu_order":0,"comment_status":"closed","ping_status":"closed","template":"elementor_canvas","meta":{"footnotes":""},"class_list":["post-16","page","type-page","status-publish","hentry"],"_links":{"self":[{"href":"https:\/\/abendstimmung.net\/index.php\/wp-json\/wp\/v2\/pages\/16","targetHints":{"allow":["GET"]}}],"collection":[{"href":"https:\/\/abendstimmung.net\/index.php\/wp-json\/wp\/v2\/pages"}],"about":[{"href":"https:\/\/abendstimmung.net\/index.php\/wp-json\/wp\/v2\/types\/page"}],"author":[{"embeddable":true,"href":"https:\/\/abendstimmung.net\/index.php\/wp-json\/wp\/v2\/users\/2"}],"replies":[{"embeddable":true,"href":"https:\/\/abendstimmung.net\/index.php\/wp-json\/wp\/v2\/comments?post=16"}],"version-history":[{"count":0,"href":"https:\/\/abendstimmung.net\/index.php\/wp-json\/wp\/v2\/pages\/16\/revisions"}],"wp:attachment":[{"href":"https:\/\/abendstimmung.net\/index.php\/wp-json\/wp\/v2\/media?parent=16"}],"curies":[{"name":"wp","href":"https:\/\/api.w.org\/{rel}","templated":true}]}}