{"id":236,"date":"2026-03-13T09:51:28","date_gmt":"2026-03-13T09:51:28","guid":{"rendered":"https:\/\/abendstimmung.net\/?page_id=236"},"modified":"2026-03-13T09:52:30","modified_gmt":"2026-03-13T09:52:30","slug":"impressum","status":"publish","type":"page","link":"https:\/\/abendstimmung.net\/index.php\/impressum\/","title":{"rendered":"Impressum"},"content":{"rendered":"\t\t<div data-elementor-type=\"wp-page\" data-elementor-id=\"236\" class=\"elementor elementor-236\" data-elementor-settings=\"{&quot;ha_cmc_init_switcher&quot;:&quot;no&quot;}\" data-elementor-post-type=\"page\">\n\t\t\t\t<div class=\"elementor-element elementor-element-02a480d e-flex e-con-boxed e-con e-parent\" data-id=\"02a480d\" data-element_type=\"container\" data-e-type=\"container\" data-settings=\"{&quot;_ha_eqh_enable&quot;:false}\">\n\t\t\t\t\t<div class=\"e-con-inner\">\n\t\t\t\t<div class=\"elementor-element elementor-element-1becccf elementor-widget elementor-widget-heading\" data-id=\"1becccf\" data-element_type=\"widget\" data-e-type=\"widget\" data-widget_type=\"heading.default\">\n\t\t\t\t\t<h2 class=\"elementor-heading-title elementor-size-default\">Impressum<\/h2>\t\t\t\t<\/div>\n\t\t\t\t\t<\/div>\n\t\t\t\t<\/div>\n\t\t<div class=\"elementor-element elementor-element-7ffdff8 e-flex e-con-boxed e-con e-parent\" data-id=\"7ffdff8\" data-element_type=\"container\" data-e-type=\"container\" data-settings=\"{&quot;_ha_eqh_enable&quot;:false}\">\n\t\t\t\t\t<div class=\"e-con-inner\">\n\t\t\t\t<div class=\"elementor-element elementor-element-87f55d5 elementor-widget elementor-widget-heading\" data-id=\"87f55d5\" data-element_type=\"widget\" data-e-type=\"widget\" data-widget_type=\"heading.default\">\n\t\t\t\t\t<h2 class=\"elementor-heading-title elementor-size-default\">Information gem\u00e4\u00df \u00a7 5 Abs. 1 ECG<br>F\u00fcr den Inhalt verantwortlich:<br><br>Josef Weixlbaumer GmbH<br>Schwarzseestra\u00dfe 2<br>A 6370 Kitzb\u00fchel<br>Tel.: +43 (0) 5356 625 75<br>Mobil: +43 (0) 664 315 04 27<br>Mail: <span \n                data-original-string='Y0PKcV6N0gEJiUTnwHNqIQ==6c6yq9Ydf3gSYBTKRZ26ceJpQ=='\n                class='apbct-email-encoder'\n                title='Dieser Kontakt wurde von Anti-Spam by CleanTalk verschl\u00fcsselt. Klicken Sie hier, um ihn zu entschl\u00fcsseln. Um die Entschl\u00fcsselung abzuschlie\u00dfen, stellen Sie sicher, dass JavaScript in Ihrem Browser aktiviert ist.'>ve<span class=\"apbct-blur\">*****<\/span>@<span class=\"apbct-blur\">**<\/span>ix.eu<\/span><br><br>Gerichtsstand: Bezirksgericht Kitzb\u00fchel<br>Beh\u00f6rde gem. ECG: Bezirkshauptmannschaft Kitzb\u00fchel<br>Mitglied der Wirtschaftskammer Tirol<br><br>Firmenbuchnummer: FN 447321a<br>UID Nr.: ATU70264509<br><br>Bankverbindung:<br>Sparkasse Kufstein<br>BIC: SPKUAT22XXX<br>IBAN: AT50 2050 6077 0006 5936<br><br>Weitere Angaben zum Unternehmen und der Impressumspflicht sind auf der Seite der Wirtschaftskammer \u00d6sterreich mit folgenden Link zu finden:<br>Informationen zu E-Commerce und Mediengesetz<br><br>Diese Webseite stellt Informationen der Leistungen von Josef Weixelbaumer GmbH \u2013 www.weix.eu dar und besitzt eine Gewerbeberichtigung.<br><br>Streitschlichtung<br>Die Europ\u00e4ische Kommission stellt eine Plattform zur Online-Streitbeilegung (OS) bereit: https:\/\/ec.europa.eu\/consumers\/odr.<br>Unsere E-Mail-Adresse finden Sie oben im Impressum.<br><br>Wir sind nicht bereit oder verpflichtet, an Streitbeilegungsverfahren vor einer Verbraucherschlichtungsstelle teilzunehmen.<br><br>Haftung f\u00fcr Inhalte<br>Als Diensteanbieter sind wir gem\u00e4\u00df \u00a7 7 Abs.1 TMG f\u00fcr eigene Inhalte auf diesen Seiten nach den allgemeinen Gesetzen verantwortlich. Nach \u00a7\u00a7 8 bis 10 TMG sind wir als Diensteanbieter jedoch nicht verpflichtet, \u00fcbermittelte oder gespeicherte fremde Informationen zu \u00fcberwachen oder nach Umst\u00e4nden zu forschen, die auf eine rechtswidrige T\u00e4tigkeit hinweisen.<br><br>Verpflichtungen zur Entfernung oder Sperrung der Nutzung von Informationen nach den allgemeinen Gesetzen bleiben hiervon unber\u00fchrt. Eine diesbez\u00fcgliche Haftung ist jedoch erst ab dem Zeitpunkt der Kenntnis einer konkreten Rechtsverletzung m\u00f6glich. Bei Bekanntwerden von entsprechenden Rechtsverletzungen werden wir diese Inhalte umgehend entfernen.<br><br>Haftung f\u00fcr Links<br>Unser Angebot enth\u00e4lt Links zu externen Websites Dritter, auf deren Inhalte wir keinen Einfluss haben. Deshalb k\u00f6nnen wir f\u00fcr diese fremden Inhalte auch keine Gew\u00e4hr \u00fcbernehmen. F\u00fcr die Inhalte der verlinkten Seiten ist stets der jeweilige Anbieter oder Betreiber der Seiten verantwortlich. Die verlinkten Seiten wurden zum Zeitpunkt der Verlinkung auf m\u00f6gliche Rechtsverst\u00f6\u00dfe \u00fcberpr\u00fcft. Rechtswidrige Inhalte waren zum Zeitpunkt der Verlinkung nicht erkennbar.<br><br>Eine permanente inhaltliche Kontrolle der verlinkten Seiten ist jedoch ohne konkrete Anhaltspunkte einer Rechtsverletzung nicht zumutbar. Bei Bekanntwerden von Rechtsverletzungen werden wir derartige Links umgehend entfernen.<br><br>Urheberrecht<br>Die durch die Seitenbetreiber erstellten Inhalte und Werke auf diesen Seiten unterliegen dem Urheberrecht. Die Vervielf\u00e4ltigung, Bearbeitung, Verbreitung und jede Art der Verwertung au\u00dferhalb der Grenzen des Urheberrechtes bed\u00fcrfen der schriftlichen Zustimmung des jeweiligen Autors bzw. Erstellers. Downloads und Kopien dieser Seite sind nur f\u00fcr den privaten, nicht kommerziellen Gebrauch gestattet.<br><br>Der Inhalt dieser Webseite ist urheberrechtlich gesch\u00fctzt.<br>Design und Programmierung: JU.VISION \u2013 Grafik Design Solutions<br>Inhalt: Josef Weixlbaumer GmbH<br><br>Bildnachweis<br>\u00a9 Josef Weixlbaumer GmbH<br><br>Soweit die Inhalte auf dieser Seite nicht vom Betreiber erstellt wurden, werden die Urheberrechte Dritter beachtet. Insbesondere werden Inhalte Dritter als solche gekennzeichnet. Sollten Sie trotzdem auf eine Urheberrechtsverletzung aufmerksam werden, bitten wir um einen entsprechenden Hinweis. Bei Bekanntwerden von Rechtsverletzungen werden wir derartige Inhalte umgehend entfernen.<\/h2>\t\t\t\t<\/div>\n\t\t\t\t\t<\/div>\n\t\t\t\t<\/div>\n\t\t\t\t<\/div>\n\t\t","protected":false},"excerpt":{"rendered":"<p>Impressum Information gem\u00e4\u00df \u00a7 5 Abs. 1 ECGF\u00fcr den Inhalt verantwortlich: Josef Weixlbaumer GmbHSchwarzseestra\u00dfe 2A 6370 Kitzb\u00fchelTel.: +43 (0) 5356 625 75Mobil: +43 (0) 664 315 04 27Mail: ve*****@**ix.eu Gerichtsstand: Bezirksgericht Kitzb\u00fchelBeh\u00f6rde gem. ECG: Bezirkshauptmannschaft Kitzb\u00fchelMitglied der Wirtschaftskammer Tirol Firmenbuchnummer: FN 447321aUID Nr.: ATU70264509 Bankverbindung:Sparkasse KufsteinBIC: SPKUAT22XXXIBAN: AT50 2050 6077 0006 5936 Weitere Angaben zum [&hellip;]<\/p>\n","protected":false},"author":2,"featured_media":0,"parent":0,"menu_order":0,"comment_status":"closed","ping_status":"closed","template":"","meta":{"footnotes":""},"class_list":["post-236","page","type-page","status-publish","hentry"],"_links":{"self":[{"href":"https:\/\/abendstimmung.net\/index.php\/wp-json\/wp\/v2\/pages\/236","targetHints":{"allow":["GET"]}}],"collection":[{"href":"https:\/\/abendstimmung.net\/index.php\/wp-json\/wp\/v2\/pages"}],"about":[{"href":"https:\/\/abendstimmung.net\/index.php\/wp-json\/wp\/v2\/types\/page"}],"author":[{"embeddable":true,"href":"https:\/\/abendstimmung.net\/index.php\/wp-json\/wp\/v2\/users\/2"}],"replies":[{"embeddable":true,"href":"https:\/\/abendstimmung.net\/index.php\/wp-json\/wp\/v2\/comments?post=236"}],"version-history":[{"count":0,"href":"https:\/\/abendstimmung.net\/index.php\/wp-json\/wp\/v2\/pages\/236\/revisions"}],"wp:attachment":[{"href":"https:\/\/abendstimmung.net\/index.php\/wp-json\/wp\/v2\/media?parent=236"}],"curies":[{"name":"wp","href":"https:\/\/api.w.org\/{rel}","templated":true}]}}