{"id":25,"date":"2026-01-14T10:47:51","date_gmt":"2026-01-14T10:47:51","guid":{"rendered":"https:\/\/abendstimmung.net\/?page_id=25"},"modified":"2026-03-24T07:46:15","modified_gmt":"2026-03-24T07:46:15","slug":"planung","status":"publish","type":"page","link":"https:\/\/abendstimmung.net\/index.php\/planung\/","title":{"rendered":"Planung"},"content":{"rendered":"\t\t<div data-elementor-type=\"wp-page\" data-elementor-id=\"25\" class=\"elementor elementor-25\" data-elementor-settings=\"{&quot;ha_cmc_init_switcher&quot;:&quot;no&quot;}\" data-elementor-post-type=\"page\">\n\t\t\t\t<div class=\"elementor-element elementor-element-640f685 e-flex e-con-boxed e-con e-parent\" data-id=\"640f685\" data-element_type=\"container\" data-e-type=\"container\" data-settings=\"{&quot;background_background&quot;:&quot;classic&quot;,&quot;_ha_eqh_enable&quot;:false}\">\n\t\t\t\t\t<div class=\"e-con-inner\">\n\t\t\t\t<div class=\"elementor-element elementor-element-b870153 elementor-widget elementor-widget-heading\" data-id=\"b870153\" data-element_type=\"widget\" data-e-type=\"widget\" data-widget_type=\"heading.default\">\n\t\t\t\t\t<h2 class=\"elementor-heading-title elementor-size-default\">Planung und Raumkonzept<\/h2>\t\t\t\t<\/div>\n\t\t\t\t<div class=\"elementor-element elementor-element-b01bf64 elementor-widget elementor-widget-heading\" data-id=\"b01bf64\" data-element_type=\"widget\" data-e-type=\"widget\" data-widget_type=\"heading.default\">\n\t\t\t\t\t<h2 class=\"elementor-heading-title elementor-size-default\"><article dir=\"auto\" data-turn-id=\"request-WEB:df3710f4-deeb-4a6f-b242-8f0e8e7be7d8-1\" data-testid=\"conversation-turn-4\" data-scroll-anchor=\"true\" data-turn=\"assistant\"><div><div data-message-author-role=\"assistant\" data-message-id=\"796cebb7-8ca6-4f5f-b652-0f39bc112db8\" dir=\"auto\" data-message-model-slug=\"gpt-5-2\"><p data-start=\"110\" data-end=\"376\" data-is-last-node=\"\" data-is-only-node=\"\">Mit einem strukturierten Planungsprozess entwickeln wir ma\u00dfgeschneiderte Rauml\u00f6sungen. Funktion, Proportion und Gestaltung werden dabei sorgf\u00e4ltig aufeinander abgestimmt.<\/p><\/div><\/div><\/article><\/h2>\t\t\t\t<\/div>\n\t\t\t\t\t<\/div>\n\t\t\t\t<\/div>\n\t\t<div class=\"elementor-element elementor-element-d2883e5 e-flex e-con-boxed e-con e-parent\" data-id=\"d2883e5\" data-element_type=\"container\" data-e-type=\"container\" data-settings=\"{&quot;_ha_eqh_enable&quot;:false}\">\n\t\t\t\t\t<div class=\"e-con-inner\">\n\t\t<div class=\"elementor-element elementor-element-537ba13 e-con-full e-flex e-con e-child\" data-id=\"537ba13\" data-element_type=\"container\" data-e-type=\"container\" data-settings=\"{&quot;_ha_eqh_enable&quot;:false}\">\n\t\t\t\t<div class=\"elementor-element elementor-element-14614f5 elementor-widget elementor-widget-image\" data-id=\"14614f5\" data-element_type=\"widget\" data-e-type=\"widget\" data-widget_type=\"image.default\">\n\t\t\t\t\t\t\t\t\t\t\t\t\t\t\t<img fetchpriority=\"high\" decoding=\"async\" width=\"800\" height=\"444\" src=\"https:\/\/abendstimmung.net\/wp-content\/uploads\/2026\/03\/1773397758269-8c92d1ef-1018-455b-8d34-dcddee64a502_6-e1774338290570.jpg\" class=\"attachment-large size-large wp-image-269\" alt=\"\" srcset=\"https:\/\/abendstimmung.net\/wp-content\/uploads\/2026\/03\/1773397758269-8c92d1ef-1018-455b-8d34-dcddee64a502_6-e1774338290570.jpg 963w, https:\/\/abendstimmung.net\/wp-content\/uploads\/2026\/03\/1773397758269-8c92d1ef-1018-455b-8d34-dcddee64a502_6-e1774338290570-300x166.jpg 300w, https:\/\/abendstimmung.net\/wp-content\/uploads\/2026\/03\/1773397758269-8c92d1ef-1018-455b-8d34-dcddee64a502_6-e1774338290570-768x426.jpg 768w\" sizes=\"(max-width: 800px) 100vw, 800px\" \/>\t\t\t\t\t\t\t\t\t\t\t\t\t\t\t<\/div>\n\t\t\t\t<\/div>\n\t\t<div class=\"elementor-element elementor-element-8145c48 e-con-full e-flex e-con e-child\" data-id=\"8145c48\" data-element_type=\"container\" data-e-type=\"container\" data-settings=\"{&quot;_ha_eqh_enable&quot;:false}\">\n\t\t\t\t<div class=\"elementor-element elementor-element-5fa40fe elementor-widget elementor-widget-heading\" data-id=\"5fa40fe\" data-element_type=\"widget\" data-e-type=\"widget\" data-widget_type=\"heading.default\">\n\t\t\t\t\t<h2 class=\"elementor-heading-title elementor-size-default\">Ganzheitliche Raumplanung<\/h2>\t\t\t\t<\/div>\n\t\t\t\t<div class=\"elementor-element elementor-element-8799a92 elementor-widget elementor-widget-heading\" data-id=\"8799a92\" data-element_type=\"widget\" data-e-type=\"widget\" data-widget_type=\"heading.default\">\n\t\t\t\t\t<h2 class=\"elementor-heading-title elementor-size-default\">Wir analysieren Ihre W\u00fcnsche, den vorhandenen Raum und die zuk\u00fcnftige Nutzung. Daraus entsteht ein Konzept, das Funktionalit\u00e4t und Design optimal vereint.<\/h2>\t\t\t\t<\/div>\n\t\t\t\t<\/div>\n\t\t\t\t\t<\/div>\n\t\t\t\t<\/div>\n\t\t<div class=\"elementor-element elementor-element-a7cf600 e-flex e-con-boxed e-con e-parent\" data-id=\"a7cf600\" data-element_type=\"container\" data-e-type=\"container\" data-settings=\"{&quot;_ha_eqh_enable&quot;:false}\">\n\t\t\t\t\t<div class=\"e-con-inner\">\n\t\t<div class=\"elementor-element elementor-element-4427aa1 e-con-full e-flex e-con e-child\" data-id=\"4427aa1\" data-element_type=\"container\" data-e-type=\"container\" data-settings=\"{&quot;_ha_eqh_enable&quot;:false}\">\n\t\t\t\t<div class=\"elementor-element elementor-element-cb1745d elementor-widget elementor-widget-heading\" data-id=\"cb1745d\" data-element_type=\"widget\" data-e-type=\"widget\" data-widget_type=\"heading.default\">\n\t\t\t\t\t<h2 class=\"elementor-heading-title elementor-size-default\">Harmonie in jedem Detail<\/h2>\t\t\t\t<\/div>\n\t\t\t\t<div class=\"elementor-element elementor-element-95438c1 elementor-widget elementor-widget-heading\" data-id=\"95438c1\" data-element_type=\"widget\" data-e-type=\"widget\" data-widget_type=\"heading.default\">\n\t\t\t\t\t<h2 class=\"elementor-heading-title elementor-size-default\">Materialauswahl, Farbwirkung und Lichtf\u00fchrung werden sorgf\u00e4ltig abgestimmt. So entsteht eine Atmosph\u00e4re, die modern, warm und einladend wirkt.<\/h2>\t\t\t\t<\/div>\n\t\t\t\t<\/div>\n\t\t<div class=\"elementor-element elementor-element-9b8d7e2 e-con-full e-flex e-con e-child\" data-id=\"9b8d7e2\" data-element_type=\"container\" data-e-type=\"container\" data-settings=\"{&quot;_ha_eqh_enable&quot;:false}\">\n\t\t\t\t<div class=\"elementor-element elementor-element-c6edbf8 elementor-widget elementor-widget-image\" data-id=\"c6edbf8\" data-element_type=\"widget\" data-e-type=\"widget\" data-widget_type=\"image.default\">\n\t\t\t\t\t\t\t\t\t\t\t\t\t\t\t<img decoding=\"async\" width=\"800\" height=\"562\" src=\"https:\/\/abendstimmung.net\/wp-content\/uploads\/2026\/03\/DSC07736-HDR-e1773399126255-1024x719.jpg\" class=\"attachment-large size-large wp-image-270\" alt=\"\" srcset=\"https:\/\/abendstimmung.net\/wp-content\/uploads\/2026\/03\/DSC07736-HDR-e1773399126255-1024x719.jpg 1024w, https:\/\/abendstimmung.net\/wp-content\/uploads\/2026\/03\/DSC07736-HDR-e1773399126255-300x211.jpg 300w, https:\/\/abendstimmung.net\/wp-content\/uploads\/2026\/03\/DSC07736-HDR-e1773399126255-768x540.jpg 768w, https:\/\/abendstimmung.net\/wp-content\/uploads\/2026\/03\/DSC07736-HDR-e1773399126255-1536x1079.jpg 1536w, https:\/\/abendstimmung.net\/wp-content\/uploads\/2026\/03\/DSC07736-HDR-e1773399126255.jpg 1900w\" sizes=\"(max-width: 800px) 100vw, 800px\" \/>\t\t\t\t\t\t\t\t\t\t\t\t\t\t\t<\/div>\n\t\t\t\t<\/div>\n\t\t\t\t\t<\/div>\n\t\t\t\t<\/div>\n\t\t<div class=\"elementor-element elementor-element-55a88e3 e-flex e-con-boxed e-con e-parent\" data-id=\"55a88e3\" data-element_type=\"container\" data-e-type=\"container\" data-settings=\"{&quot;background_background&quot;:&quot;classic&quot;,&quot;_ha_eqh_enable&quot;:false}\">\n\t\t\t\t\t<div class=\"e-con-inner\">\n\t\t\t\t<div class=\"elementor-element elementor-element-79a74ba elementor-widget elementor-widget-heading\" data-id=\"79a74ba\" data-element_type=\"widget\" data-e-type=\"widget\" data-widget_type=\"heading.default\">\n\t\t\t\t\t<h2 class=\"elementor-heading-title elementor-size-default\">Planung, die Vertrauen schafft<\/h2>\t\t\t\t<\/div>\n\t\t\t\t<div class=\"elementor-element elementor-element-719b929 elementor-widget elementor-widget-heading\" data-id=\"719b929\" data-element_type=\"widget\" data-e-type=\"widget\" data-widget_type=\"heading.default\">\n\t\t\t\t\t<h2 class=\"elementor-heading-title elementor-size-default\"><article dir=\"auto\" data-turn-id=\"request-WEB:df3710f4-deeb-4a6f-b242-8f0e8e7be7d8-1\" data-testid=\"conversation-turn-4\" data-scroll-anchor=\"true\" data-turn=\"assistant\"><div><div data-message-author-role=\"assistant\" data-message-id=\"796cebb7-8ca6-4f5f-b652-0f39bc112db8\" dir=\"auto\" data-message-model-slug=\"gpt-5-2\"><p data-start=\"110\" data-end=\"376\" data-is-last-node=\"\" data-is-only-node=\"\">Klare Abl\u00e4ufe, transparente Entscheidungen und pr\u00e4zise Planungsschritte sorgen daf\u00fcr, dass jedes Projekt sicher und effizient umgesetzt wird.<\/p><\/div><\/div><\/article><\/h2>\t\t\t\t<\/div>\n\t\t\t\t\t<\/div>\n\t\t\t\t<\/div>\n\t\t<div class=\"elementor-element elementor-element-aba8bf8 e-flex e-con-boxed e-con e-parent\" data-id=\"aba8bf8\" data-element_type=\"container\" data-e-type=\"container\" data-settings=\"{&quot;background_background&quot;:&quot;classic&quot;,&quot;_ha_eqh_enable&quot;:false}\">\n\t\t\t\t\t<div class=\"e-con-inner\">\n\t\t\t\t<div class=\"elementor-element elementor-element-d9b3345 ha-has-bg-overlay elementor-widget elementor-widget-image\" data-id=\"d9b3345\" data-element_type=\"widget\" data-e-type=\"widget\" data-widget_type=\"image.default\">\n\t\t\t\t\t\t\t\t\t\t\t\t\t\t\t<img decoding=\"async\" width=\"300\" height=\"219\" src=\"https:\/\/abendstimmung.net\/wp-content\/uploads\/2026\/02\/Logo_klein_invertiert-1-300x219.jpg\" class=\"attachment-medium size-medium wp-image-178\" alt=\"\" srcset=\"https:\/\/abendstimmung.net\/wp-content\/uploads\/2026\/02\/Logo_klein_invertiert-1-300x219.jpg 300w, https:\/\/abendstimmung.net\/wp-content\/uploads\/2026\/02\/Logo_klein_invertiert-1-1024x747.jpg 1024w, https:\/\/abendstimmung.net\/wp-content\/uploads\/2026\/02\/Logo_klein_invertiert-1-768x560.jpg 768w, https:\/\/abendstimmung.net\/wp-content\/uploads\/2026\/02\/Logo_klein_invertiert-1-1536x1120.jpg 1536w, https:\/\/abendstimmung.net\/wp-content\/uploads\/2026\/02\/Logo_klein_invertiert-1-2048x1493.jpg 2048w\" sizes=\"(max-width: 300px) 100vw, 300px\" \/>\t\t\t\t\t\t\t\t\t\t\t\t\t\t\t<\/div>\n\t\t\t\t\t<\/div>\n\t\t\t\t<\/div>\n\t\t<div class=\"elementor-element elementor-element-dc3946f e-flex e-con-boxed e-con e-parent\" data-id=\"dc3946f\" data-element_type=\"container\" data-e-type=\"container\" data-settings=\"{&quot;_ha_eqh_enable&quot;:false}\">\n\t\t\t\t\t<div class=\"e-con-inner\">\n\t\t\t\t<div class=\"elementor-element elementor-element-104544c elementor-widget elementor-widget-heading\" data-id=\"104544c\" data-element_type=\"widget\" data-e-type=\"widget\" data-widget_type=\"heading.default\">\n\t\t\t\t\t<h2 class=\"elementor-heading-title elementor-size-default\">Strukturiert \u2013 effizient \u2013 durchdacht<\/h2>\t\t\t\t<\/div>\n\t\t\t\t<div class=\"elementor-element elementor-element-b856593 elementor-widget-divider--view-line elementor-widget elementor-widget-divider\" data-id=\"b856593\" data-element_type=\"widget\" data-e-type=\"widget\" data-widget_type=\"divider.default\">\n\t\t\t\t\t\t\t<div class=\"elementor-divider\">\n\t\t\t<span class=\"elementor-divider-separator\">\n\t\t\t\t\t\t<\/span>\n\t\t<\/div>\n\t\t\t\t\t\t<\/div>\n\t\t\t\t<div class=\"elementor-element elementor-element-dad7feb elementor-widget elementor-widget-heading\" data-id=\"dad7feb\" data-element_type=\"widget\" data-e-type=\"widget\" data-widget_type=\"heading.default\">\n\t\t\t\t\t<h2 class=\"elementor-heading-title elementor-size-default\">Unsere Planung verbindet Design, Technik und Handwerk. Dadurch entstehen L\u00f6sungen, die nicht nur optisch \u00fcberzeugen, sondern auch funktional und langlebig sind.<\/h2>\t\t\t\t<\/div>\n\t\t\t\t\t<\/div>\n\t\t\t\t<\/div>\n\t\t\t\t<\/div>\n\t\t","protected":false},"excerpt":{"rendered":"<p>Planung und Raumkonzept Mit einem strukturierten Planungsprozess entwickeln wir ma\u00dfgeschneiderte Rauml\u00f6sungen. Funktion, Proportion und Gestaltung werden dabei sorgf\u00e4ltig aufeinander abgestimmt. Ganzheitliche Raumplanung Wir analysieren Ihre W\u00fcnsche, den vorhandenen Raum und die zuk\u00fcnftige Nutzung. Daraus entsteht ein Konzept, das Funktionalit\u00e4t und Design optimal vereint. Harmonie in jedem Detail Materialauswahl, Farbwirkung und Lichtf\u00fchrung werden sorgf\u00e4ltig abgestimmt. So [&hellip;]<\/p>\n","protected":false},"author":2,"featured_media":0,"parent":0,"menu_order":0,"comment_status":"closed","ping_status":"closed","template":"","meta":{"footnotes":""},"class_list":["post-25","page","type-page","status-publish","hentry"],"_links":{"self":[{"href":"https:\/\/abendstimmung.net\/index.php\/wp-json\/wp\/v2\/pages\/25","targetHints":{"allow":["GET"]}}],"collection":[{"href":"https:\/\/abendstimmung.net\/index.php\/wp-json\/wp\/v2\/pages"}],"about":[{"href":"https:\/\/abendstimmung.net\/index.php\/wp-json\/wp\/v2\/types\/page"}],"author":[{"embeddable":true,"href":"https:\/\/abendstimmung.net\/index.php\/wp-json\/wp\/v2\/users\/2"}],"replies":[{"embeddable":true,"href":"https:\/\/abendstimmung.net\/index.php\/wp-json\/wp\/v2\/comments?post=25"}],"version-history":[{"count":0,"href":"https:\/\/abendstimmung.net\/index.php\/wp-json\/wp\/v2\/pages\/25\/revisions"}],"wp:attachment":[{"href":"https:\/\/abendstimmung.net\/index.php\/wp-json\/wp\/v2\/media?parent=25"}],"curies":[{"name":"wp","href":"https:\/\/api.w.org\/{rel}","templated":true}]}}