{"id":27,"date":"2026-01-14T10:46:25","date_gmt":"2026-01-14T10:46:25","guid":{"rendered":"https:\/\/abendstimmung.net\/?page_id=27"},"modified":"2026-03-24T07:48:39","modified_gmt":"2026-03-24T07:48:39","slug":"interior-design","status":"publish","type":"page","link":"https:\/\/abendstimmung.net\/index.php\/interior-design\/","title":{"rendered":"Interior Design"},"content":{"rendered":"\t\t<div data-elementor-type=\"wp-page\" data-elementor-id=\"27\" class=\"elementor elementor-27\" data-elementor-settings=\"{&quot;ha_cmc_init_switcher&quot;:&quot;no&quot;}\" data-elementor-post-type=\"page\">\n\t\t\t\t<div class=\"elementor-element elementor-element-6b7ec4e e-flex e-con-boxed e-con e-parent\" data-id=\"6b7ec4e\" data-element_type=\"container\" data-e-type=\"container\" data-settings=\"{&quot;background_background&quot;:&quot;classic&quot;,&quot;_ha_eqh_enable&quot;:false}\">\n\t\t\t\t\t<div class=\"e-con-inner\">\n\t\t\t\t<div class=\"elementor-element elementor-element-016bffd elementor-widget elementor-widget-heading\" data-id=\"016bffd\" data-element_type=\"widget\" data-e-type=\"widget\" data-widget_type=\"heading.default\">\n\t\t\t\t\t<h2 class=\"elementor-heading-title elementor-size-default\">Interior Design nach Ma\u00df<\/h2>\t\t\t\t<\/div>\n\t\t\t\t<div class=\"elementor-element elementor-element-73bd744 elementor-widget elementor-widget-heading\" data-id=\"73bd744\" data-element_type=\"widget\" data-e-type=\"widget\" data-widget_type=\"heading.default\">\n\t\t\t\t\t<h2 class=\"elementor-heading-title elementor-size-default\">Wir gestalten R\u00e4ume, die Funktion, \u00c4sthetik und Pers\u00f6nlichkeit verbinden. Mit einem klaren Designansatz und hochwertiger Ausf\u00fchrung schaffen wir Interieurs, in denen man gerne lebt.<\/h2>\t\t\t\t<\/div>\n\t\t\t\t\t<\/div>\n\t\t\t\t<\/div>\n\t\t<div class=\"elementor-element elementor-element-800b9a9 e-flex e-con-boxed e-con e-parent\" data-id=\"800b9a9\" data-element_type=\"container\" data-e-type=\"container\" data-settings=\"{&quot;_ha_eqh_enable&quot;:false}\">\n\t\t\t\t\t<div class=\"e-con-inner\">\n\t\t\t\t<div class=\"elementor-element elementor-element-28e43ae elementor-widget elementor-widget-image\" data-id=\"28e43ae\" data-element_type=\"widget\" data-e-type=\"widget\" data-widget_type=\"image.default\">\n\t\t\t\t\t\t\t\t\t\t\t\t\t\t\t<img decoding=\"async\" width=\"150\" height=\"150\" src=\"https:\/\/abendstimmung.net\/wp-content\/uploads\/2026\/01\/Logo_klein-1-150x150.png\" class=\"attachment-thumbnail size-thumbnail wp-image-54\" alt=\"\" srcset=\"https:\/\/abendstimmung.net\/wp-content\/uploads\/2026\/01\/Logo_klein-1-150x150.png 150w, https:\/\/abendstimmung.net\/wp-content\/uploads\/2026\/01\/Logo_klein-1-300x300.png 300w, https:\/\/abendstimmung.net\/wp-content\/uploads\/2026\/01\/Logo_klein-1-1024x1024.png 1024w, https:\/\/abendstimmung.net\/wp-content\/uploads\/2026\/01\/Logo_klein-1-768x768.png 768w, https:\/\/abendstimmung.net\/wp-content\/uploads\/2026\/01\/Logo_klein-1-1536x1536.png 1536w, https:\/\/abendstimmung.net\/wp-content\/uploads\/2026\/01\/Logo_klein-1-2048x2048.png 2048w, https:\/\/abendstimmung.net\/wp-content\/uploads\/2026\/01\/elementor\/thumbs\/Logo_klein-1-scaled-rhw0cdgfjzfjurj2vgaoad7o1ocpmw21f22g8f062w.png 20w, https:\/\/abendstimmung.net\/wp-content\/uploads\/2026\/01\/elementor\/thumbs\/Logo_klein-1-scaled-rhw0cdgg5wtrnrly2wq9cemukcgiyrnwcyd1b48s3g.png 70w\" sizes=\"(max-width: 150px) 100vw, 150px\" \/>\t\t\t\t\t\t\t\t\t\t\t\t\t\t\t<\/div>\n\t\t\t\t\t<\/div>\n\t\t\t\t<\/div>\n\t\t<div class=\"elementor-element elementor-element-ac31a3a e-flex e-con-boxed e-con e-parent\" data-id=\"ac31a3a\" data-element_type=\"container\" data-e-type=\"container\" data-settings=\"{&quot;_ha_eqh_enable&quot;:false}\">\n\t\t\t\t\t<div class=\"e-con-inner\">\n\t\t\t\t<div class=\"elementor-element elementor-element-440a676 elementor-widget elementor-widget-heading\" data-id=\"440a676\" data-element_type=\"widget\" data-e-type=\"widget\" data-widget_type=\"heading.default\">\n\t\t\t\t\t<h2 class=\"elementor-heading-title elementor-size-default\">Innenr\u00e4ume, die zu Ihnen passen<\/h2>\t\t\t\t<\/div>\n\t\t\t\t<div class=\"elementor-element elementor-element-67da6b5 elementor-widget-divider--view-line elementor-widget elementor-widget-divider\" data-id=\"67da6b5\" data-element_type=\"widget\" data-e-type=\"widget\" data-widget_type=\"divider.default\">\n\t\t\t\t\t\t\t<div class=\"elementor-divider\">\n\t\t\t<span class=\"elementor-divider-separator\">\n\t\t\t\t\t\t<\/span>\n\t\t<\/div>\n\t\t\t\t\t\t<\/div>\n\t\t\t\t<div class=\"elementor-element elementor-element-12ebd42 elementor-widget elementor-widget-heading\" data-id=\"12ebd42\" data-element_type=\"widget\" data-e-type=\"widget\" data-widget_type=\"heading.default\">\n\t\t\t\t\t<h2 class=\"elementor-heading-title elementor-size-default\">Vom ersten Entwurf bis zur kompletten Umsetzung entwickeln wir individuelle Interior-Konzepte. Farben, Materialien, Formen und M\u00f6bel werden harmonisch aufeinander abgestimmt \u2013 f\u00fcr R\u00e4ume, die ein stimmiges Gesamtbild ergeben.<\/h2>\t\t\t\t<\/div>\n\t\t\t\t\t<\/div>\n\t\t\t\t<\/div>\n\t\t<div class=\"elementor-element elementor-element-d484426 e-flex e-con-boxed e-con e-parent\" data-id=\"d484426\" data-element_type=\"container\" data-e-type=\"container\" data-settings=\"{&quot;_ha_eqh_enable&quot;:false}\">\n\t\t\t\t\t<div class=\"e-con-inner\">\n\t\t<div class=\"elementor-element elementor-element-e3189fc e-con-full e-flex e-con e-child\" data-id=\"e3189fc\" data-element_type=\"container\" data-e-type=\"container\" data-settings=\"{&quot;_ha_eqh_enable&quot;:false}\">\n\t\t\t\t<div class=\"elementor-element elementor-element-05944de elementor-widget elementor-widget-image\" data-id=\"05944de\" data-element_type=\"widget\" data-e-type=\"widget\" data-widget_type=\"image.default\">\n\t\t\t\t\t\t\t\t\t\t\t\t\t\t\t<img fetchpriority=\"high\" decoding=\"async\" width=\"800\" height=\"503\" src=\"https:\/\/abendstimmung.net\/wp-content\/uploads\/2026\/03\/1773397758269-8c92d1ef-1018-455b-8d34-dcddee64a502_2-e1774338508651.jpg\" class=\"attachment-large size-large wp-image-261\" alt=\"\" srcset=\"https:\/\/abendstimmung.net\/wp-content\/uploads\/2026\/03\/1773397758269-8c92d1ef-1018-455b-8d34-dcddee64a502_2-e1774338508651.jpg 964w, https:\/\/abendstimmung.net\/wp-content\/uploads\/2026\/03\/1773397758269-8c92d1ef-1018-455b-8d34-dcddee64a502_2-e1774338508651-300x189.jpg 300w, https:\/\/abendstimmung.net\/wp-content\/uploads\/2026\/03\/1773397758269-8c92d1ef-1018-455b-8d34-dcddee64a502_2-e1774338508651-768x483.jpg 768w\" sizes=\"(max-width: 800px) 100vw, 800px\" \/>\t\t\t\t\t\t\t\t\t\t\t\t\t\t\t<\/div>\n\t\t\t\t<\/div>\n\t\t<div class=\"elementor-element elementor-element-7c42e31 e-con-full e-flex e-con e-child\" data-id=\"7c42e31\" data-element_type=\"container\" data-e-type=\"container\" data-settings=\"{&quot;_ha_eqh_enable&quot;:false}\">\n\t\t\t\t<div class=\"elementor-element elementor-element-c4618d0 elementor-widget elementor-widget-heading\" data-id=\"c4618d0\" data-element_type=\"widget\" data-e-type=\"widget\" data-widget_type=\"heading.default\">\n\t\t\t\t\t<h2 class=\"elementor-heading-title elementor-size-default\">Ganzheitliche Raumplanung<\/h2>\t\t\t\t<\/div>\n\t\t\t\t<div class=\"elementor-element elementor-element-665fdb3 elementor-widget elementor-widget-heading\" data-id=\"665fdb3\" data-element_type=\"widget\" data-e-type=\"widget\" data-widget_type=\"heading.default\">\n\t\t\t\t\t<h2 class=\"elementor-heading-title elementor-size-default\">Wir analysieren Ihre W\u00fcnsche, den vorhandenen Raum und die zuk\u00fcnftige Nutzung. Daraus entsteht ein Konzept, das Funktionalit\u00e4t und Design optimal vereint.<\/h2>\t\t\t\t<\/div>\n\t\t\t\t<\/div>\n\t\t\t\t\t<\/div>\n\t\t\t\t<\/div>\n\t\t<div class=\"elementor-element elementor-element-5cfeccf e-flex e-con-boxed e-con e-parent\" data-id=\"5cfeccf\" data-element_type=\"container\" data-e-type=\"container\" data-settings=\"{&quot;_ha_eqh_enable&quot;:false}\">\n\t\t\t\t\t<div class=\"e-con-inner\">\n\t\t<div class=\"elementor-element elementor-element-b3f0c11 e-con-full e-flex e-con e-child\" data-id=\"b3f0c11\" data-element_type=\"container\" data-e-type=\"container\" data-settings=\"{&quot;_ha_eqh_enable&quot;:false}\">\n\t\t\t\t<div class=\"elementor-element elementor-element-7a9609d elementor-widget elementor-widget-heading\" data-id=\"7a9609d\" data-element_type=\"widget\" data-e-type=\"widget\" data-widget_type=\"heading.default\">\n\t\t\t\t\t<h2 class=\"elementor-heading-title elementor-size-default\">Harmonie in jedem Detail<\/h2>\t\t\t\t<\/div>\n\t\t\t\t<div class=\"elementor-element elementor-element-6b53bff elementor-widget elementor-widget-heading\" data-id=\"6b53bff\" data-element_type=\"widget\" data-e-type=\"widget\" data-widget_type=\"heading.default\">\n\t\t\t\t\t<h2 class=\"elementor-heading-title elementor-size-default\">Materialauswahl, Farbwirkung und Lichtf\u00fchrung werden sorgf\u00e4ltig abgestimmt. So entsteht eine Atmosph\u00e4re, die modern, warm und einladend wirkt.<\/h2>\t\t\t\t<\/div>\n\t\t\t\t<\/div>\n\t\t<div class=\"elementor-element elementor-element-0bae1b5 e-con-full e-flex e-con e-child\" data-id=\"0bae1b5\" data-element_type=\"container\" data-e-type=\"container\" data-settings=\"{&quot;_ha_eqh_enable&quot;:false}\">\n\t\t\t\t<div class=\"elementor-element elementor-element-6fe5a8b elementor-widget elementor-widget-image\" data-id=\"6fe5a8b\" data-element_type=\"widget\" data-e-type=\"widget\" data-widget_type=\"image.default\">\n\t\t\t\t\t\t\t\t\t\t\t\t\t\t\t<img decoding=\"async\" width=\"800\" height=\"450\" src=\"https:\/\/abendstimmung.net\/wp-content\/uploads\/2026\/03\/Hoeller_Visual1_7-Photo-1024x576.jpg\" class=\"attachment-large size-large wp-image-286\" alt=\"\" srcset=\"https:\/\/abendstimmung.net\/wp-content\/uploads\/2026\/03\/Hoeller_Visual1_7-Photo-1024x576.jpg 1024w, https:\/\/abendstimmung.net\/wp-content\/uploads\/2026\/03\/Hoeller_Visual1_7-Photo-300x169.jpg 300w, https:\/\/abendstimmung.net\/wp-content\/uploads\/2026\/03\/Hoeller_Visual1_7-Photo-768x432.jpg 768w, https:\/\/abendstimmung.net\/wp-content\/uploads\/2026\/03\/Hoeller_Visual1_7-Photo-1536x864.jpg 1536w, https:\/\/abendstimmung.net\/wp-content\/uploads\/2026\/03\/Hoeller_Visual1_7-Photo-2048x1152.jpg 2048w\" sizes=\"(max-width: 800px) 100vw, 800px\" \/>\t\t\t\t\t\t\t\t\t\t\t\t\t\t\t<\/div>\n\t\t\t\t<\/div>\n\t\t\t\t\t<\/div>\n\t\t\t\t<\/div>\n\t\t<div class=\"elementor-element elementor-element-59adb0c e-flex e-con-boxed e-con e-parent\" data-id=\"59adb0c\" data-element_type=\"container\" data-e-type=\"container\" data-settings=\"{&quot;_ha_eqh_enable&quot;:false}\">\n\t\t\t\t\t<div class=\"e-con-inner\">\n\t\t<div class=\"elementor-element elementor-element-349c24c e-con-full e-flex e-con e-child\" data-id=\"349c24c\" data-element_type=\"container\" data-e-type=\"container\" data-settings=\"{&quot;_ha_eqh_enable&quot;:false}\">\n\t\t\t\t<div class=\"elementor-element elementor-element-8de5dc6 elementor-widget elementor-widget-image\" data-id=\"8de5dc6\" data-element_type=\"widget\" data-e-type=\"widget\" data-widget_type=\"image.default\">\n\t\t\t\t\t\t\t\t\t\t\t\t\t\t\t<img loading=\"lazy\" decoding=\"async\" width=\"800\" height=\"575\" src=\"https:\/\/abendstimmung.net\/wp-content\/uploads\/2026\/03\/DSC07724-HDR-e1773400042996-1024x736.jpg\" class=\"attachment-large size-large wp-image-287\" alt=\"\" srcset=\"https:\/\/abendstimmung.net\/wp-content\/uploads\/2026\/03\/DSC07724-HDR-e1773400042996-1024x736.jpg 1024w, https:\/\/abendstimmung.net\/wp-content\/uploads\/2026\/03\/DSC07724-HDR-e1773400042996-300x216.jpg 300w, https:\/\/abendstimmung.net\/wp-content\/uploads\/2026\/03\/DSC07724-HDR-e1773400042996-768x552.jpg 768w, https:\/\/abendstimmung.net\/wp-content\/uploads\/2026\/03\/DSC07724-HDR-e1773400042996-1536x1103.jpg 1536w, https:\/\/abendstimmung.net\/wp-content\/uploads\/2026\/03\/DSC07724-HDR-e1773400042996.jpg 1900w\" sizes=\"(max-width: 800px) 100vw, 800px\" \/>\t\t\t\t\t\t\t\t\t\t\t\t\t\t\t<\/div>\n\t\t\t\t<\/div>\n\t\t<div class=\"elementor-element elementor-element-8433d79 e-con-full e-flex e-con e-child\" data-id=\"8433d79\" data-element_type=\"container\" data-e-type=\"container\" data-settings=\"{&quot;_ha_eqh_enable&quot;:false}\">\n\t\t\t\t<div class=\"elementor-element elementor-element-c7d3405 elementor-widget elementor-widget-heading\" data-id=\"c7d3405\" data-element_type=\"widget\" data-e-type=\"widget\" data-widget_type=\"heading.default\">\n\t\t\t\t\t<h2 class=\"elementor-heading-title elementor-size-default\">Spezialoberfl\u00e4chenbemalung<\/h2>\t\t\t\t<\/div>\n\t\t\t\t<div class=\"elementor-element elementor-element-03262f8 elementor-widget elementor-widget-heading\" data-id=\"03262f8\" data-element_type=\"widget\" data-e-type=\"widget\" data-widget_type=\"heading.default\">\n\t\t\t\t\t<h2 class=\"elementor-heading-title elementor-size-default\">Wir tauchen in Ihre Ideen ein, pr\u00fcfen Untergrund, Lichtwirkung und Einsatzbereich. Auf dieser Basis entwickeln wir eine ma\u00dfgeschneiderte Spezialoberfl\u00e4chenbemalung, die Charakter verleiht und R\u00e4ume einzigartig wirken l\u00e4sst.<\/h2>\t\t\t\t<\/div>\n\t\t\t\t<\/div>\n\t\t\t\t\t<\/div>\n\t\t\t\t<\/div>\n\t\t<div class=\"elementor-element elementor-element-4e5560b e-flex e-con-boxed e-con e-parent\" data-id=\"4e5560b\" data-element_type=\"container\" data-e-type=\"container\" data-settings=\"{&quot;background_background&quot;:&quot;classic&quot;,&quot;_ha_eqh_enable&quot;:false}\">\n\t\t\t\t\t<div class=\"e-con-inner\">\n\t\t<div class=\"elementor-element elementor-element-e6cb47f e-con-full e-flex e-con e-child\" data-id=\"e6cb47f\" data-element_type=\"container\" data-e-type=\"container\" data-settings=\"{&quot;_ha_eqh_enable&quot;:false}\">\n\t\t\t\t<div class=\"elementor-element elementor-element-e68222d elementor-widget elementor-widget-image\" data-id=\"e68222d\" data-element_type=\"widget\" data-e-type=\"widget\" data-widget_type=\"image.default\">\n\t\t\t\t\t\t\t\t\t\t\t\t\t\t\t<img loading=\"lazy\" decoding=\"async\" width=\"683\" height=\"1024\" src=\"https:\/\/abendstimmung.net\/wp-content\/uploads\/2026\/03\/Josef-Weixlbaumer-24-683x1024.jpg\" class=\"attachment-large size-large wp-image-288\" alt=\"\" srcset=\"https:\/\/abendstimmung.net\/wp-content\/uploads\/2026\/03\/Josef-Weixlbaumer-24-683x1024.jpg 683w, https:\/\/abendstimmung.net\/wp-content\/uploads\/2026\/03\/Josef-Weixlbaumer-24-200x300.jpg 200w, https:\/\/abendstimmung.net\/wp-content\/uploads\/2026\/03\/Josef-Weixlbaumer-24-768x1152.jpg 768w, https:\/\/abendstimmung.net\/wp-content\/uploads\/2026\/03\/Josef-Weixlbaumer-24-1024x1536.jpg 1024w, https:\/\/abendstimmung.net\/wp-content\/uploads\/2026\/03\/Josef-Weixlbaumer-24-1365x2048.jpg 1365w, https:\/\/abendstimmung.net\/wp-content\/uploads\/2026\/03\/Josef-Weixlbaumer-24-scaled.jpg 1707w\" sizes=\"(max-width: 683px) 100vw, 683px\" \/>\t\t\t\t\t\t\t\t\t\t\t\t\t\t\t<\/div>\n\t\t\t\t<\/div>\n\t\t<div class=\"elementor-element elementor-element-7456d1c e-con-full e-flex e-con e-child\" data-id=\"7456d1c\" data-element_type=\"container\" data-e-type=\"container\" data-settings=\"{&quot;_ha_eqh_enable&quot;:false}\">\n\t\t\t\t<div class=\"elementor-element elementor-element-5cba862 elementor-widget elementor-widget-image\" data-id=\"5cba862\" data-element_type=\"widget\" data-e-type=\"widget\" data-widget_type=\"image.default\">\n\t\t\t\t\t\t\t\t\t\t\t\t\t\t\t<img loading=\"lazy\" decoding=\"async\" width=\"683\" height=\"1024\" src=\"https:\/\/abendstimmung.net\/wp-content\/uploads\/2026\/03\/Josef-Weixlbaumer-31-683x1024.jpg\" class=\"attachment-large size-large wp-image-291\" alt=\"\" srcset=\"https:\/\/abendstimmung.net\/wp-content\/uploads\/2026\/03\/Josef-Weixlbaumer-31-683x1024.jpg 683w, https:\/\/abendstimmung.net\/wp-content\/uploads\/2026\/03\/Josef-Weixlbaumer-31-200x300.jpg 200w, https:\/\/abendstimmung.net\/wp-content\/uploads\/2026\/03\/Josef-Weixlbaumer-31-768x1152.jpg 768w, https:\/\/abendstimmung.net\/wp-content\/uploads\/2026\/03\/Josef-Weixlbaumer-31-1024x1536.jpg 1024w, https:\/\/abendstimmung.net\/wp-content\/uploads\/2026\/03\/Josef-Weixlbaumer-31-1365x2048.jpg 1365w, https:\/\/abendstimmung.net\/wp-content\/uploads\/2026\/03\/Josef-Weixlbaumer-31-scaled.jpg 1707w\" sizes=\"(max-width: 683px) 100vw, 683px\" \/>\t\t\t\t\t\t\t\t\t\t\t\t\t\t\t<\/div>\n\t\t\t\t<\/div>\n\t\t<div class=\"elementor-element elementor-element-da52f59 e-con-full e-flex e-con e-child\" data-id=\"da52f59\" data-element_type=\"container\" data-e-type=\"container\" data-settings=\"{&quot;_ha_eqh_enable&quot;:false}\">\n\t\t\t\t<div class=\"elementor-element elementor-element-8dc8c15 elementor-widget elementor-widget-image\" data-id=\"8dc8c15\" data-element_type=\"widget\" data-e-type=\"widget\" data-widget_type=\"image.default\">\n\t\t\t\t\t\t\t\t\t\t\t\t\t\t\t<img loading=\"lazy\" decoding=\"async\" width=\"683\" height=\"1024\" src=\"https:\/\/abendstimmung.net\/wp-content\/uploads\/2026\/03\/Josef-Weixlbaumer-27-683x1024.jpg\" class=\"attachment-large size-large wp-image-289\" alt=\"\" srcset=\"https:\/\/abendstimmung.net\/wp-content\/uploads\/2026\/03\/Josef-Weixlbaumer-27-683x1024.jpg 683w, https:\/\/abendstimmung.net\/wp-content\/uploads\/2026\/03\/Josef-Weixlbaumer-27-200x300.jpg 200w, https:\/\/abendstimmung.net\/wp-content\/uploads\/2026\/03\/Josef-Weixlbaumer-27-768x1152.jpg 768w, https:\/\/abendstimmung.net\/wp-content\/uploads\/2026\/03\/Josef-Weixlbaumer-27-1024x1536.jpg 1024w, https:\/\/abendstimmung.net\/wp-content\/uploads\/2026\/03\/Josef-Weixlbaumer-27-1365x2048.jpg 1365w, https:\/\/abendstimmung.net\/wp-content\/uploads\/2026\/03\/Josef-Weixlbaumer-27-scaled.jpg 1707w\" sizes=\"(max-width: 683px) 100vw, 683px\" \/>\t\t\t\t\t\t\t\t\t\t\t\t\t\t\t<\/div>\n\t\t\t\t<\/div>\n\t\t\t\t\t<\/div>\n\t\t\t\t<\/div>\n\t\t<div class=\"elementor-element elementor-element-329a7bf e-flex e-con-boxed e-con e-parent\" data-id=\"329a7bf\" data-element_type=\"container\" data-e-type=\"container\" data-settings=\"{&quot;background_background&quot;:&quot;classic&quot;,&quot;_ha_eqh_enable&quot;:false}\">\n\t\t\t\t\t<div class=\"e-con-inner\">\n\t\t\t\t<div class=\"elementor-element elementor-element-49b0f81 elementor-widget elementor-widget-heading\" data-id=\"49b0f81\" data-element_type=\"widget\" data-e-type=\"widget\" data-widget_type=\"heading.default\">\n\t\t\t\t\t<h2 class=\"elementor-heading-title elementor-size-default\">Design &amp; Handwerk vereint<\/h2>\t\t\t\t<\/div>\n\t\t\t\t<div class=\"elementor-element elementor-element-b6512d0 elementor-widget-divider--view-line elementor-widget elementor-widget-divider\" data-id=\"b6512d0\" data-element_type=\"widget\" data-e-type=\"widget\" data-widget_type=\"divider.default\">\n\t\t\t\t\t\t\t<div class=\"elementor-divider\">\n\t\t\t<span class=\"elementor-divider-separator\">\n\t\t\t\t\t\t<\/span>\n\t\t<\/div>\n\t\t\t\t\t\t<\/div>\n\t\t\t\t<div class=\"elementor-element elementor-element-42ed8ce elementor-widget elementor-widget-heading\" data-id=\"42ed8ce\" data-element_type=\"widget\" data-e-type=\"widget\" data-widget_type=\"heading.default\">\n\t\t\t\t\t<h2 class=\"elementor-heading-title elementor-size-default\">Ob Planung oder Umsetzung \u2013 durch die enge Verbindung von Interior Design und Tischlerei entstehen stimmige R\u00e4ume mit h\u00f6chster Pr\u00e4zision.<\/h2>\t\t\t\t<\/div>\n\t\t\t\t\t<\/div>\n\t\t\t\t<\/div>\n\t\t<div class=\"elementor-element elementor-element-852c3a3 e-flex e-con-boxed e-con e-parent\" data-id=\"852c3a3\" data-element_type=\"container\" data-e-type=\"container\" data-settings=\"{&quot;background_background&quot;:&quot;classic&quot;,&quot;_ha_eqh_enable&quot;:false}\">\n\t\t\t\t\t<div class=\"e-con-inner\">\n\t\t\t\t<div class=\"elementor-element elementor-element-857caeb ha-has-bg-overlay elementor-widget elementor-widget-image\" data-id=\"857caeb\" data-element_type=\"widget\" data-e-type=\"widget\" data-widget_type=\"image.default\">\n\t\t\t\t\t\t\t\t\t\t\t\t\t\t\t<img loading=\"lazy\" decoding=\"async\" width=\"300\" height=\"219\" src=\"https:\/\/abendstimmung.net\/wp-content\/uploads\/2026\/02\/Logo_klein_invertiert-1-300x219.jpg\" class=\"attachment-medium size-medium wp-image-178\" alt=\"\" srcset=\"https:\/\/abendstimmung.net\/wp-content\/uploads\/2026\/02\/Logo_klein_invertiert-1-300x219.jpg 300w, https:\/\/abendstimmung.net\/wp-content\/uploads\/2026\/02\/Logo_klein_invertiert-1-1024x747.jpg 1024w, https:\/\/abendstimmung.net\/wp-content\/uploads\/2026\/02\/Logo_klein_invertiert-1-768x560.jpg 768w, https:\/\/abendstimmung.net\/wp-content\/uploads\/2026\/02\/Logo_klein_invertiert-1-1536x1120.jpg 1536w, https:\/\/abendstimmung.net\/wp-content\/uploads\/2026\/02\/Logo_klein_invertiert-1-2048x1493.jpg 2048w\" sizes=\"(max-width: 300px) 100vw, 300px\" \/>\t\t\t\t\t\t\t\t\t\t\t\t\t\t\t<\/div>\n\t\t\t\t\t<\/div>\n\t\t\t\t<\/div>\n\t\t<div class=\"elementor-element elementor-element-5d483c1 e-flex e-con-boxed e-con e-parent\" data-id=\"5d483c1\" data-element_type=\"container\" data-e-type=\"container\" data-settings=\"{&quot;_ha_eqh_enable&quot;:false}\">\n\t\t\t\t\t<div class=\"e-con-inner\">\n\t\t\t\t<div class=\"elementor-element elementor-element-48190bf elementor-widget elementor-widget-heading\" data-id=\"48190bf\" data-element_type=\"widget\" data-e-type=\"widget\" data-widget_type=\"heading.default\">\n\t\t\t\t\t<h2 class=\"elementor-heading-title elementor-size-default\">Regional gefertigt, mit \u00f6sterreichischem Charakter<\/h2>\t\t\t\t<\/div>\n\t\t\t\t<div class=\"elementor-element elementor-element-27f75d8 elementor-widget-divider--view-line elementor-widget elementor-widget-divider\" data-id=\"27f75d8\" data-element_type=\"widget\" data-e-type=\"widget\" data-widget_type=\"divider.default\">\n\t\t\t\t\t\t\t<div class=\"elementor-divider\">\n\t\t\t<span class=\"elementor-divider-separator\">\n\t\t\t\t\t\t<\/span>\n\t\t<\/div>\n\t\t\t\t\t\t<\/div>\n\t\t\t\t<div class=\"elementor-element elementor-element-e3efc09 elementor-widget elementor-widget-heading\" data-id=\"e3efc09\" data-element_type=\"widget\" data-e-type=\"widget\" data-widget_type=\"heading.default\">\n\t\t\t\t\t<h2 class=\"elementor-heading-title elementor-size-default\">Wir verwenden hochwertige, regionale Materialien und produzieren alle Innenrauml\u00f6sungen in \u00d6sterreich. Das sorgt f\u00fcr kurze Wege, nachhaltige Qualit\u00e4t und echte Handwerksarbeit.<\/h2>\t\t\t\t<\/div>\n\t\t\t\t\t<\/div>\n\t\t\t\t<\/div>\n\t\t\t\t<\/div>\n\t\t","protected":false},"excerpt":{"rendered":"<p>Interior Design nach Ma\u00df Wir gestalten R\u00e4ume, die Funktion, \u00c4sthetik und Pers\u00f6nlichkeit verbinden. Mit einem klaren Designansatz und hochwertiger Ausf\u00fchrung schaffen wir Interieurs, in denen man gerne lebt. Innenr\u00e4ume, die zu Ihnen passen Vom ersten Entwurf bis zur kompletten Umsetzung entwickeln wir individuelle Interior-Konzepte. Farben, Materialien, Formen und M\u00f6bel werden harmonisch aufeinander abgestimmt \u2013 f\u00fcr [&hellip;]<\/p>\n","protected":false},"author":2,"featured_media":0,"parent":0,"menu_order":0,"comment_status":"closed","ping_status":"closed","template":"","meta":{"footnotes":""},"class_list":["post-27","page","type-page","status-publish","hentry"],"_links":{"self":[{"href":"https:\/\/abendstimmung.net\/index.php\/wp-json\/wp\/v2\/pages\/27","targetHints":{"allow":["GET"]}}],"collection":[{"href":"https:\/\/abendstimmung.net\/index.php\/wp-json\/wp\/v2\/pages"}],"about":[{"href":"https:\/\/abendstimmung.net\/index.php\/wp-json\/wp\/v2\/types\/page"}],"author":[{"embeddable":true,"href":"https:\/\/abendstimmung.net\/index.php\/wp-json\/wp\/v2\/users\/2"}],"replies":[{"embeddable":true,"href":"https:\/\/abendstimmung.net\/index.php\/wp-json\/wp\/v2\/comments?post=27"}],"version-history":[{"count":0,"href":"https:\/\/abendstimmung.net\/index.php\/wp-json\/wp\/v2\/pages\/27\/revisions"}],"wp:attachment":[{"href":"https:\/\/abendstimmung.net\/index.php\/wp-json\/wp\/v2\/media?parent=27"}],"curies":[{"name":"wp","href":"https:\/\/api.w.org\/{rel}","templated":true}]}}