{"id":29,"date":"2026-01-14T10:47:01","date_gmt":"2026-01-14T10:47:01","guid":{"rendered":"https:\/\/abendstimmung.net\/?page_id=29"},"modified":"2026-03-13T15:34:38","modified_gmt":"2026-03-13T15:34:38","slug":"moebeltischlerei","status":"publish","type":"page","link":"https:\/\/abendstimmung.net\/index.php\/moebeltischlerei\/","title":{"rendered":"M\u00f6beltischlerei"},"content":{"rendered":"\t\t<div data-elementor-type=\"wp-page\" data-elementor-id=\"29\" class=\"elementor elementor-29\" data-elementor-settings=\"{&quot;ha_cmc_init_switcher&quot;:&quot;no&quot;}\" data-elementor-post-type=\"page\">\n\t\t\t\t<div class=\"elementor-element elementor-element-2f0d772 e-flex e-con-boxed e-con e-parent\" data-id=\"2f0d772\" data-element_type=\"container\" data-e-type=\"container\" data-settings=\"{&quot;background_background&quot;:&quot;classic&quot;,&quot;_ha_eqh_enable&quot;:false}\">\n\t\t\t\t\t<div class=\"e-con-inner\">\n\t\t\t\t<div class=\"elementor-element elementor-element-46f740f elementor-widget elementor-widget-heading\" data-id=\"46f740f\" data-element_type=\"widget\" data-e-type=\"widget\" data-widget_type=\"heading.default\">\n\t\t\t\t\t<h2 class=\"elementor-heading-title elementor-size-default\">Unsere Werkstatt<\/h2>\t\t\t\t<\/div>\n\t\t\t\t<div class=\"elementor-element elementor-element-1635b3f elementor-widget elementor-widget-heading\" data-id=\"1635b3f\" data-element_type=\"widget\" data-e-type=\"widget\" data-widget_type=\"heading.default\">\n\t\t\t\t\t<h2 class=\"elementor-heading-title elementor-size-default\"><article dir=\"auto\" data-turn-id=\"request-WEB:df3710f4-deeb-4a6f-b242-8f0e8e7be7d8-1\" data-testid=\"conversation-turn-4\" data-scroll-anchor=\"true\" data-turn=\"assistant\"><div><div data-message-author-role=\"assistant\" data-message-id=\"796cebb7-8ca6-4f5f-b652-0f39bc112db8\" dir=\"auto\" data-message-model-slug=\"gpt-5-2\"><p data-start=\"110\" data-end=\"376\" data-is-last-node=\"\" data-is-only-node=\"\">In unserer Tischlerei entsteht jedes Produkt mit Liebe zum Detail und echter Handwerkskunst. Hier fertigen wir M\u00f6bel, entwickeln individuelle L\u00f6sungen und setzen Ihre Vorstellungen pr\u00e4zise um. Wir freuen uns darauf, Ihr Projekt aus Holz Wirklichkeit werden zu lassen.<\/p><\/div><\/div><\/article><\/h2>\t\t\t\t<\/div>\n\t\t\t\t\t<\/div>\n\t\t\t\t<\/div>\n\t\t<div class=\"elementor-element elementor-element-bc8a229 e-flex e-con-boxed e-con e-parent\" data-id=\"bc8a229\" data-element_type=\"container\" data-e-type=\"container\" data-settings=\"{&quot;_ha_eqh_enable&quot;:false}\">\n\t\t\t\t\t<div class=\"e-con-inner\">\n\t\t\t\t<div class=\"elementor-element elementor-element-3a6fdb8 elementor-widget elementor-widget-heading\" data-id=\"3a6fdb8\" data-element_type=\"widget\" data-e-type=\"widget\" data-widget_type=\"heading.default\">\n\t\t\t\t\t<h2 class=\"elementor-heading-title elementor-size-default\">Ma\u00dfgefertigte M\u00f6bel mit Charakter<\/h2>\t\t\t\t<\/div>\n\t\t\t\t<div class=\"elementor-element elementor-element-b8588c6 elementor-widget-divider--view-line elementor-widget elementor-widget-divider\" data-id=\"b8588c6\" data-element_type=\"widget\" data-e-type=\"widget\" data-widget_type=\"divider.default\">\n\t\t\t\t\t\t\t<div class=\"elementor-divider\">\n\t\t\t<span class=\"elementor-divider-separator\">\n\t\t\t\t\t\t<\/span>\n\t\t<\/div>\n\t\t\t\t\t\t<\/div>\n\t\t\t\t<div class=\"elementor-element elementor-element-21990fb elementor-widget elementor-widget-heading\" data-id=\"21990fb\" data-element_type=\"widget\" data-e-type=\"widget\" data-widget_type=\"heading.default\">\n\t\t\t\t\t<h2 class=\"elementor-heading-title elementor-size-default\">In unserer M\u00f6beltischlerei fertigen wir ma\u00dfgeschneiderte St\u00fccke, die Ihre Ideen perfekt widerspiegeln. Mit handwerklicher Pr\u00e4zision und einem Blick f\u00fcrs Detail gestalten wir M\u00f6bel und Innenl\u00f6sungen, die funktional, sch\u00f6n und langlebig sind. Aus hochwertigem Holz entsteht Qualit\u00e4t, die man sieht und sp\u00fcrt \u2013 f\u00fcr R\u00e4ume, die Charakter haben.<\/h2>\t\t\t\t<\/div>\n\t\t\t\t\t<\/div>\n\t\t\t\t<\/div>\n\t\t<div class=\"elementor-element elementor-element-494a40d e-flex e-con-boxed e-con e-parent\" data-id=\"494a40d\" data-element_type=\"container\" data-e-type=\"container\" data-settings=\"{&quot;_ha_eqh_enable&quot;:false}\">\n\t\t\t\t\t<div class=\"e-con-inner\">\n\t\t<div class=\"elementor-element elementor-element-61b8e8c e-con-full e-flex e-con e-child\" data-id=\"61b8e8c\" data-element_type=\"container\" data-e-type=\"container\" data-settings=\"{&quot;_ha_eqh_enable&quot;:false}\">\n\t\t\t\t<div class=\"elementor-element elementor-element-f2e3f9c elementor-widget elementor-widget-image\" data-id=\"f2e3f9c\" data-element_type=\"widget\" data-e-type=\"widget\" data-widget_type=\"image.default\">\n\t\t\t\t\t\t\t\t\t\t\t\t\t\t\t<img fetchpriority=\"high\" decoding=\"async\" width=\"800\" height=\"444\" src=\"https:\/\/abendstimmung.net\/wp-content\/uploads\/2026\/03\/1773397758269-8c92d1ef-1018-455b-8d34-dcddee64a502_6-e1774338290570.jpg\" class=\"attachment-large size-large wp-image-269\" alt=\"\" srcset=\"https:\/\/abendstimmung.net\/wp-content\/uploads\/2026\/03\/1773397758269-8c92d1ef-1018-455b-8d34-dcddee64a502_6-e1774338290570.jpg 963w, https:\/\/abendstimmung.net\/wp-content\/uploads\/2026\/03\/1773397758269-8c92d1ef-1018-455b-8d34-dcddee64a502_6-e1774338290570-300x166.jpg 300w, https:\/\/abendstimmung.net\/wp-content\/uploads\/2026\/03\/1773397758269-8c92d1ef-1018-455b-8d34-dcddee64a502_6-e1774338290570-768x426.jpg 768w\" sizes=\"(max-width: 800px) 100vw, 800px\" \/>\t\t\t\t\t\t\t\t\t\t\t\t\t\t\t<\/div>\n\t\t\t\t<\/div>\n\t\t<div class=\"elementor-element elementor-element-3d9b245 e-con-full e-flex e-con e-child\" data-id=\"3d9b245\" data-element_type=\"container\" data-e-type=\"container\" data-settings=\"{&quot;_ha_eqh_enable&quot;:false}\">\n\t\t\t\t<div class=\"elementor-element elementor-element-e3e090d elementor-widget elementor-widget-heading\" data-id=\"e3e090d\" data-element_type=\"widget\" data-e-type=\"widget\" data-widget_type=\"heading.default\">\n\t\t\t\t\t<h2 class=\"elementor-heading-title elementor-size-default\">Ganzheitliche Raumplanung<\/h2>\t\t\t\t<\/div>\n\t\t\t\t<div class=\"elementor-element elementor-element-af45ebd elementor-widget elementor-widget-heading\" data-id=\"af45ebd\" data-element_type=\"widget\" data-e-type=\"widget\" data-widget_type=\"heading.default\">\n\t\t\t\t\t<h2 class=\"elementor-heading-title elementor-size-default\">Wir analysieren Ihre W\u00fcnsche, den vorhandenen Raum und die zuk\u00fcnftige Nutzung. Daraus entsteht ein Konzept, das Funktionalit\u00e4t und Design optimal vereint.<\/h2>\t\t\t\t<\/div>\n\t\t\t\t<\/div>\n\t\t\t\t\t<\/div>\n\t\t\t\t<\/div>\n\t\t<div class=\"elementor-element elementor-element-d7c7c80 e-flex e-con-boxed e-con e-parent\" data-id=\"d7c7c80\" data-element_type=\"container\" data-e-type=\"container\" data-settings=\"{&quot;_ha_eqh_enable&quot;:false}\">\n\t\t\t\t\t<div class=\"e-con-inner\">\n\t\t<div class=\"elementor-element elementor-element-1779065 e-con-full e-flex e-con e-child\" data-id=\"1779065\" data-element_type=\"container\" data-e-type=\"container\" data-settings=\"{&quot;_ha_eqh_enable&quot;:false}\">\n\t\t\t\t<div class=\"elementor-element elementor-element-4ae399e elementor-widget elementor-widget-heading\" data-id=\"4ae399e\" data-element_type=\"widget\" data-e-type=\"widget\" data-widget_type=\"heading.default\">\n\t\t\t\t\t<h2 class=\"elementor-heading-title elementor-size-default\">Harmonie in jedem Detail<\/h2>\t\t\t\t<\/div>\n\t\t\t\t<div class=\"elementor-element elementor-element-453c7aa elementor-widget elementor-widget-heading\" data-id=\"453c7aa\" data-element_type=\"widget\" data-e-type=\"widget\" data-widget_type=\"heading.default\">\n\t\t\t\t\t<h2 class=\"elementor-heading-title elementor-size-default\">Materialauswahl, Farbwirkung und Lichtf\u00fchrung werden sorgf\u00e4ltig abgestimmt. So entsteht eine Atmosph\u00e4re, die modern, warm und einladend wirkt.<\/h2>\t\t\t\t<\/div>\n\t\t\t\t<\/div>\n\t\t<div class=\"elementor-element elementor-element-a77fe7a e-con-full e-flex e-con e-child\" data-id=\"a77fe7a\" data-element_type=\"container\" data-e-type=\"container\" data-settings=\"{&quot;_ha_eqh_enable&quot;:false}\">\n\t\t\t\t<div class=\"elementor-element elementor-element-d3811eb elementor-widget elementor-widget-image\" data-id=\"d3811eb\" data-element_type=\"widget\" data-e-type=\"widget\" data-widget_type=\"image.default\">\n\t\t\t\t\t\t\t\t\t\t\t\t\t\t\t<img decoding=\"async\" width=\"800\" height=\"562\" src=\"https:\/\/abendstimmung.net\/wp-content\/uploads\/2026\/03\/DSC07736-HDR-e1773399126255-1024x719.jpg\" class=\"attachment-large size-large wp-image-270\" alt=\"\" srcset=\"https:\/\/abendstimmung.net\/wp-content\/uploads\/2026\/03\/DSC07736-HDR-e1773399126255-1024x719.jpg 1024w, https:\/\/abendstimmung.net\/wp-content\/uploads\/2026\/03\/DSC07736-HDR-e1773399126255-300x211.jpg 300w, https:\/\/abendstimmung.net\/wp-content\/uploads\/2026\/03\/DSC07736-HDR-e1773399126255-768x540.jpg 768w, https:\/\/abendstimmung.net\/wp-content\/uploads\/2026\/03\/DSC07736-HDR-e1773399126255-1536x1079.jpg 1536w, https:\/\/abendstimmung.net\/wp-content\/uploads\/2026\/03\/DSC07736-HDR-e1773399126255.jpg 1900w\" sizes=\"(max-width: 800px) 100vw, 800px\" \/>\t\t\t\t\t\t\t\t\t\t\t\t\t\t\t<\/div>\n\t\t\t\t<\/div>\n\t\t\t\t\t<\/div>\n\t\t\t\t<\/div>\n\t\t<div class=\"elementor-element elementor-element-cec18cc e-flex e-con-boxed e-con e-parent\" data-id=\"cec18cc\" data-element_type=\"container\" data-e-type=\"container\" data-settings=\"{&quot;background_background&quot;:&quot;classic&quot;,&quot;_ha_eqh_enable&quot;:false}\">\n\t\t\t\t\t<div class=\"e-con-inner\">\n\t\t\t\t<div class=\"elementor-element elementor-element-74097a2 elementor-widget elementor-widget-heading\" data-id=\"74097a2\" data-element_type=\"widget\" data-e-type=\"widget\" data-widget_type=\"heading.default\">\n\t\t\t\t\t<h2 class=\"elementor-heading-title elementor-size-default\">Planung, die Vertrauen schafft<\/h2>\t\t\t\t<\/div>\n\t\t\t\t<div class=\"elementor-element elementor-element-a1f2bc0 elementor-widget elementor-widget-heading\" data-id=\"a1f2bc0\" data-element_type=\"widget\" data-e-type=\"widget\" data-widget_type=\"heading.default\">\n\t\t\t\t\t<h2 class=\"elementor-heading-title elementor-size-default\"><article dir=\"auto\" data-turn-id=\"request-WEB:df3710f4-deeb-4a6f-b242-8f0e8e7be7d8-1\" data-testid=\"conversation-turn-4\" data-scroll-anchor=\"true\" data-turn=\"assistant\"><div><div data-message-author-role=\"assistant\" data-message-id=\"796cebb7-8ca6-4f5f-b652-0f39bc112db8\" dir=\"auto\" data-message-model-slug=\"gpt-5-2\"><p data-start=\"110\" data-end=\"376\" data-is-last-node=\"\" data-is-only-node=\"\">Klare Abl\u00e4ufe, transparente Entscheidungen und pr\u00e4zise Planungsschritte sorgen daf\u00fcr, dass jedes Projekt sicher und effizient umgesetzt wird.<\/p><\/div><\/div><\/article><\/h2>\t\t\t\t<\/div>\n\t\t\t\t\t<\/div>\n\t\t\t\t<\/div>\n\t\t<div class=\"elementor-element elementor-element-1f46430 e-flex e-con-boxed e-con e-parent\" data-id=\"1f46430\" data-element_type=\"container\" data-e-type=\"container\" data-settings=\"{&quot;background_background&quot;:&quot;classic&quot;,&quot;_ha_eqh_enable&quot;:false}\">\n\t\t\t\t\t<div class=\"e-con-inner\">\n\t\t\t\t<div class=\"elementor-element elementor-element-619debb ha-has-bg-overlay elementor-widget elementor-widget-image\" data-id=\"619debb\" data-element_type=\"widget\" data-e-type=\"widget\" data-widget_type=\"image.default\">\n\t\t\t\t\t\t\t\t\t\t\t\t\t\t\t<img decoding=\"async\" width=\"300\" height=\"219\" src=\"https:\/\/abendstimmung.net\/wp-content\/uploads\/2026\/02\/Logo_klein_invertiert-1-300x219.jpg\" class=\"attachment-medium size-medium wp-image-178\" alt=\"\" srcset=\"https:\/\/abendstimmung.net\/wp-content\/uploads\/2026\/02\/Logo_klein_invertiert-1-300x219.jpg 300w, https:\/\/abendstimmung.net\/wp-content\/uploads\/2026\/02\/Logo_klein_invertiert-1-1024x747.jpg 1024w, https:\/\/abendstimmung.net\/wp-content\/uploads\/2026\/02\/Logo_klein_invertiert-1-768x560.jpg 768w, https:\/\/abendstimmung.net\/wp-content\/uploads\/2026\/02\/Logo_klein_invertiert-1-1536x1120.jpg 1536w, https:\/\/abendstimmung.net\/wp-content\/uploads\/2026\/02\/Logo_klein_invertiert-1-2048x1493.jpg 2048w\" sizes=\"(max-width: 300px) 100vw, 300px\" \/>\t\t\t\t\t\t\t\t\t\t\t\t\t\t\t<\/div>\n\t\t\t\t\t<\/div>\n\t\t\t\t<\/div>\n\t\t<div class=\"elementor-element elementor-element-46ce5eb e-flex e-con-boxed e-con e-parent\" data-id=\"46ce5eb\" data-element_type=\"container\" data-e-type=\"container\" data-settings=\"{&quot;_ha_eqh_enable&quot;:false}\">\n\t\t\t\t\t<div class=\"e-con-inner\">\n\t\t\t\t<div class=\"elementor-element elementor-element-858aea7 elementor-widget elementor-widget-heading\" data-id=\"858aea7\" data-element_type=\"widget\" data-e-type=\"widget\" data-widget_type=\"heading.default\">\n\t\t\t\t\t<h2 class=\"elementor-heading-title elementor-size-default\">Strukturiert \u2013 effizient \u2013 durchdacht<\/h2>\t\t\t\t<\/div>\n\t\t\t\t<div class=\"elementor-element elementor-element-de5364d elementor-widget-divider--view-line elementor-widget elementor-widget-divider\" data-id=\"de5364d\" data-element_type=\"widget\" data-e-type=\"widget\" data-widget_type=\"divider.default\">\n\t\t\t\t\t\t\t<div class=\"elementor-divider\">\n\t\t\t<span class=\"elementor-divider-separator\">\n\t\t\t\t\t\t<\/span>\n\t\t<\/div>\n\t\t\t\t\t\t<\/div>\n\t\t\t\t<div class=\"elementor-element elementor-element-7a6b1e4 elementor-widget elementor-widget-heading\" data-id=\"7a6b1e4\" data-element_type=\"widget\" data-e-type=\"widget\" data-widget_type=\"heading.default\">\n\t\t\t\t\t<h2 class=\"elementor-heading-title elementor-size-default\">Unsere Planung verbindet Design, Technik und Handwerk. Dadurch entstehen L\u00f6sungen, die nicht nur optisch \u00fcberzeugen, sondern auch funktional und langlebig sind.<\/h2>\t\t\t\t<\/div>\n\t\t\t\t\t<\/div>\n\t\t\t\t<\/div>\n\t\t<div class=\"elementor-element elementor-element-e8d0a6a e-grid elementor-hidden-desktop elementor-hidden-tablet elementor-hidden-mobile e-con-boxed e-con e-parent\" data-id=\"e8d0a6a\" data-element_type=\"container\" data-e-type=\"container\" data-settings=\"{&quot;_ha_eqh_enable&quot;:false}\">\n\t\t\t\t\t<div class=\"e-con-inner\">\n\t\t\t\t<div class=\"elementor-element elementor-element-a5015dd elementor-widget elementor-widget-image\" data-id=\"a5015dd\" data-element_type=\"widget\" data-e-type=\"widget\" data-widget_type=\"image.default\">\n\t\t\t\t\t\t\t\t\t\t\t\t\t\t\t<img loading=\"lazy\" decoding=\"async\" width=\"225\" height=\"225\" src=\"https:\/\/abendstimmung.net\/wp-content\/uploads\/2026\/01\/images.jpg\" class=\"attachment-large size-large wp-image-103\" alt=\"\" srcset=\"https:\/\/abendstimmung.net\/wp-content\/uploads\/2026\/01\/images.jpg 225w, https:\/\/abendstimmung.net\/wp-content\/uploads\/2026\/01\/images-150x150.jpg 150w\" sizes=\"(max-width: 225px) 100vw, 225px\" \/>\t\t\t\t\t\t\t\t\t\t\t\t\t\t\t<\/div>\n\t\t\t\t<div class=\"elementor-element elementor-element-ced4239 elementor-widget elementor-widget-image\" data-id=\"ced4239\" data-element_type=\"widget\" data-e-type=\"widget\" data-widget_type=\"image.default\">\n\t\t\t\t\t\t\t\t\t\t\t\t\t\t\t<img loading=\"lazy\" decoding=\"async\" width=\"225\" height=\"225\" src=\"https:\/\/abendstimmung.net\/wp-content\/uploads\/2026\/01\/images.jpg\" class=\"attachment-large size-large wp-image-103\" alt=\"\" srcset=\"https:\/\/abendstimmung.net\/wp-content\/uploads\/2026\/01\/images.jpg 225w, https:\/\/abendstimmung.net\/wp-content\/uploads\/2026\/01\/images-150x150.jpg 150w\" sizes=\"(max-width: 225px) 100vw, 225px\" \/>\t\t\t\t\t\t\t\t\t\t\t\t\t\t\t<\/div>\n\t\t\t\t<div class=\"elementor-element elementor-element-90e1dae elementor-widget elementor-widget-image\" data-id=\"90e1dae\" data-element_type=\"widget\" data-e-type=\"widget\" data-widget_type=\"image.default\">\n\t\t\t\t\t\t\t\t\t\t\t\t\t\t\t<img loading=\"lazy\" decoding=\"async\" width=\"225\" height=\"225\" src=\"https:\/\/abendstimmung.net\/wp-content\/uploads\/2026\/01\/images.jpg\" class=\"attachment-large size-large wp-image-103\" alt=\"\" srcset=\"https:\/\/abendstimmung.net\/wp-content\/uploads\/2026\/01\/images.jpg 225w, https:\/\/abendstimmung.net\/wp-content\/uploads\/2026\/01\/images-150x150.jpg 150w\" sizes=\"(max-width: 225px) 100vw, 225px\" \/>\t\t\t\t\t\t\t\t\t\t\t\t\t\t\t<\/div>\n\t\t\t\t<div class=\"elementor-element elementor-element-40edc70 elementor-widget elementor-widget-image\" data-id=\"40edc70\" data-element_type=\"widget\" data-e-type=\"widget\" data-widget_type=\"image.default\">\n\t\t\t\t\t\t\t\t\t\t\t\t\t\t\t<img loading=\"lazy\" decoding=\"async\" width=\"225\" height=\"225\" src=\"https:\/\/abendstimmung.net\/wp-content\/uploads\/2026\/01\/images.jpg\" class=\"attachment-large size-large wp-image-103\" alt=\"\" srcset=\"https:\/\/abendstimmung.net\/wp-content\/uploads\/2026\/01\/images.jpg 225w, https:\/\/abendstimmung.net\/wp-content\/uploads\/2026\/01\/images-150x150.jpg 150w\" sizes=\"(max-width: 225px) 100vw, 225px\" \/>\t\t\t\t\t\t\t\t\t\t\t\t\t\t\t<\/div>\n\t\t\t\t<div class=\"elementor-element elementor-element-d38e91b elementor-widget elementor-widget-image\" data-id=\"d38e91b\" data-element_type=\"widget\" data-e-type=\"widget\" data-widget_type=\"image.default\">\n\t\t\t\t\t\t\t\t\t\t\t\t\t\t\t<img loading=\"lazy\" decoding=\"async\" width=\"225\" height=\"225\" src=\"https:\/\/abendstimmung.net\/wp-content\/uploads\/2026\/01\/images.jpg\" class=\"attachment-large size-large wp-image-103\" alt=\"\" srcset=\"https:\/\/abendstimmung.net\/wp-content\/uploads\/2026\/01\/images.jpg 225w, https:\/\/abendstimmung.net\/wp-content\/uploads\/2026\/01\/images-150x150.jpg 150w\" sizes=\"(max-width: 225px) 100vw, 225px\" \/>\t\t\t\t\t\t\t\t\t\t\t\t\t\t\t<\/div>\n\t\t\t\t<div class=\"elementor-element elementor-element-7158613 elementor-widget elementor-widget-image\" data-id=\"7158613\" data-element_type=\"widget\" data-e-type=\"widget\" data-widget_type=\"image.default\">\n\t\t\t\t\t\t\t\t\t\t\t\t\t\t\t<img loading=\"lazy\" decoding=\"async\" width=\"225\" height=\"225\" src=\"https:\/\/abendstimmung.net\/wp-content\/uploads\/2026\/01\/images.jpg\" class=\"attachment-large size-large wp-image-103\" alt=\"\" srcset=\"https:\/\/abendstimmung.net\/wp-content\/uploads\/2026\/01\/images.jpg 225w, https:\/\/abendstimmung.net\/wp-content\/uploads\/2026\/01\/images-150x150.jpg 150w\" sizes=\"(max-width: 225px) 100vw, 225px\" \/>\t\t\t\t\t\t\t\t\t\t\t\t\t\t\t<\/div>\n\t\t\t\t\t<\/div>\n\t\t\t\t<\/div>\n\t\t\t\t<\/div>\n\t\t","protected":false},"excerpt":{"rendered":"<p>Unsere Werkstatt In unserer Tischlerei entsteht jedes Produkt mit Liebe zum Detail und echter Handwerkskunst. Hier fertigen wir M\u00f6bel, entwickeln individuelle L\u00f6sungen und setzen Ihre Vorstellungen pr\u00e4zise um. Wir freuen uns darauf, Ihr Projekt aus Holz Wirklichkeit werden zu lassen. Ma\u00dfgefertigte M\u00f6bel mit Charakter In unserer M\u00f6beltischlerei fertigen wir ma\u00dfgeschneiderte St\u00fccke, die Ihre Ideen perfekt [&hellip;]<\/p>\n","protected":false},"author":2,"featured_media":0,"parent":0,"menu_order":0,"comment_status":"closed","ping_status":"closed","template":"","meta":{"footnotes":""},"class_list":["post-29","page","type-page","status-publish","hentry"],"_links":{"self":[{"href":"https:\/\/abendstimmung.net\/index.php\/wp-json\/wp\/v2\/pages\/29","targetHints":{"allow":["GET"]}}],"collection":[{"href":"https:\/\/abendstimmung.net\/index.php\/wp-json\/wp\/v2\/pages"}],"about":[{"href":"https:\/\/abendstimmung.net\/index.php\/wp-json\/wp\/v2\/types\/page"}],"author":[{"embeddable":true,"href":"https:\/\/abendstimmung.net\/index.php\/wp-json\/wp\/v2\/users\/2"}],"replies":[{"embeddable":true,"href":"https:\/\/abendstimmung.net\/index.php\/wp-json\/wp\/v2\/comments?post=29"}],"version-history":[{"count":0,"href":"https:\/\/abendstimmung.net\/index.php\/wp-json\/wp\/v2\/pages\/29\/revisions"}],"wp:attachment":[{"href":"https:\/\/abendstimmung.net\/index.php\/wp-json\/wp\/v2\/media?parent=29"}],"curies":[{"name":"wp","href":"https:\/\/api.w.org\/{rel}","templated":true}]}}