{"id":31,"date":"2026-01-14T10:47:33","date_gmt":"2026-01-14T10:47:33","guid":{"rendered":"https:\/\/abendstimmung.net\/?page_id=31"},"modified":"2026-03-13T11:25:37","modified_gmt":"2026-03-13T11:25:37","slug":"ueber-uns","status":"publish","type":"page","link":"https:\/\/abendstimmung.net\/index.php\/ueber-uns\/","title":{"rendered":"\u00dcber Uns"},"content":{"rendered":"\t\t<div data-elementor-type=\"wp-page\" data-elementor-id=\"31\" class=\"elementor elementor-31\" data-elementor-settings=\"{&quot;ha_cmc_init_switcher&quot;:&quot;no&quot;}\" data-elementor-post-type=\"page\">\n\t\t\t\t<div class=\"elementor-element elementor-element-7d849eb e-con-full e-flex e-con e-parent\" data-id=\"7d849eb\" data-element_type=\"container\" data-e-type=\"container\" data-settings=\"{&quot;_ha_eqh_enable&quot;:false}\">\n\t\t\t\t<div class=\"elementor-element elementor-element-e4cc022 elementor-widget elementor-widget-image\" data-id=\"e4cc022\" data-element_type=\"widget\" data-e-type=\"widget\" data-widget_type=\"image.default\">\n\t\t\t\t\t\t\t\t\t\t\t\t\t\t\t<img fetchpriority=\"high\" decoding=\"async\" width=\"2048\" height=\"1365\" src=\"https:\/\/abendstimmung.net\/wp-content\/uploads\/2026\/02\/Josef-Weixlbaumer-18-2048x1365.jpg\" class=\"attachment-2048x2048 size-2048x2048 wp-image-172\" alt=\"\" srcset=\"https:\/\/abendstimmung.net\/wp-content\/uploads\/2026\/02\/Josef-Weixlbaumer-18-2048x1365.jpg 2048w, https:\/\/abendstimmung.net\/wp-content\/uploads\/2026\/02\/Josef-Weixlbaumer-18-300x200.jpg 300w, https:\/\/abendstimmung.net\/wp-content\/uploads\/2026\/02\/Josef-Weixlbaumer-18-1024x683.jpg 1024w, https:\/\/abendstimmung.net\/wp-content\/uploads\/2026\/02\/Josef-Weixlbaumer-18-768x512.jpg 768w, https:\/\/abendstimmung.net\/wp-content\/uploads\/2026\/02\/Josef-Weixlbaumer-18-1536x1024.jpg 1536w\" sizes=\"(max-width: 2048px) 100vw, 2048px\" \/>\t\t\t\t\t\t\t\t\t\t\t\t\t\t\t<\/div>\n\t\t\t\t<\/div>\n\t\t<div class=\"elementor-element elementor-element-ff6d13d e-flex e-con-boxed e-con e-parent\" data-id=\"ff6d13d\" data-element_type=\"container\" data-e-type=\"container\" data-settings=\"{&quot;_ha_eqh_enable&quot;:false}\">\n\t\t\t\t\t<div class=\"e-con-inner\">\n\t\t\t\t<div class=\"elementor-element elementor-element-3ec76ef elementor-widget elementor-widget-image\" data-id=\"3ec76ef\" data-element_type=\"widget\" data-e-type=\"widget\" data-widget_type=\"image.default\">\n\t\t\t\t\t\t\t\t\t\t\t\t\t\t\t<img decoding=\"async\" width=\"300\" height=\"219\" src=\"https:\/\/abendstimmung.net\/wp-content\/uploads\/2026\/02\/Logo_klein_invertiert-1-300x219.jpg\" class=\"attachment-medium size-medium wp-image-178\" alt=\"\" srcset=\"https:\/\/abendstimmung.net\/wp-content\/uploads\/2026\/02\/Logo_klein_invertiert-1-300x219.jpg 300w, https:\/\/abendstimmung.net\/wp-content\/uploads\/2026\/02\/Logo_klein_invertiert-1-1024x747.jpg 1024w, https:\/\/abendstimmung.net\/wp-content\/uploads\/2026\/02\/Logo_klein_invertiert-1-768x560.jpg 768w, https:\/\/abendstimmung.net\/wp-content\/uploads\/2026\/02\/Logo_klein_invertiert-1-1536x1120.jpg 1536w, https:\/\/abendstimmung.net\/wp-content\/uploads\/2026\/02\/Logo_klein_invertiert-1-2048x1493.jpg 2048w\" sizes=\"(max-width: 300px) 100vw, 300px\" \/>\t\t\t\t\t\t\t\t\t\t\t\t\t\t\t<\/div>\n\t\t<div class=\"elementor-element elementor-element-a628381 e-con-full e-flex e-con e-child\" data-id=\"a628381\" data-element_type=\"container\" data-e-type=\"container\" data-settings=\"{&quot;background_background&quot;:&quot;classic&quot;,&quot;_ha_eqh_enable&quot;:false}\">\n\t\t\t\t<div class=\"elementor-element elementor-element-b4aba8c elementor-widget elementor-widget-heading\" data-id=\"b4aba8c\" data-element_type=\"widget\" data-e-type=\"widget\" data-widget_type=\"heading.default\">\n\t\t\t\t\t<h2 class=\"elementor-heading-title elementor-size-default\">Gemeinsam. Erfahren. Verl\u00e4sslich.<\/h2>\t\t\t\t<\/div>\n\t\t\t\t<div class=\"elementor-element elementor-element-3fe023d elementor-widget-divider--view-line elementor-widget elementor-widget-divider\" data-id=\"3fe023d\" data-element_type=\"widget\" data-e-type=\"widget\" data-widget_type=\"divider.default\">\n\t\t\t\t\t\t\t<div class=\"elementor-divider\">\n\t\t\t<span class=\"elementor-divider-separator\">\n\t\t\t\t\t\t<\/span>\n\t\t<\/div>\n\t\t\t\t\t\t<\/div>\n\t\t\t\t<div class=\"elementor-element elementor-element-c778b2c elementor-widget elementor-widget-heading\" data-id=\"c778b2c\" data-element_type=\"widget\" data-e-type=\"widget\" data-widget_type=\"heading.default\">\n\t\t\t\t\t<h2 class=\"elementor-heading-title elementor-size-default\">Seit 1798 steht unser Familienbetrieb f\u00fcr Handschlagqualit\u00e4t, echtes Handwerk und den Anspruch, jedes Projekt mit gr\u00f6\u00dfter Sorgfalt umzusetzen. Unser Team verbindet traditionelle Werte mit modernem Know-how \u2013 von der ersten Idee \u00fcber die pr\u00e4zise Planung bis hin zur finalen Umsetzung.<br><br>\nDurch die enge Zusammenarbeit aller Mitarbeiterinnen und Mitarbeiter entsteht ein harmonisches Zusammenspiel aus Erfahrung, Kreativit\u00e4t und technischem Verst\u00e4ndnis. So schaffen wir L\u00f6sungen, die nicht nur gut aussehen, sondern auch im Alltag \u00fcberzeugen und \u00fcber Generationen Bestand haben.<br><br>\nWir investieren Zeit, Leidenschaft und Fachwissen in jedes einzelne Projekt \u2013 und genau das macht den Unterschied, den man sieht und sp\u00fcrt.<\/h2>\t\t\t\t<\/div>\n\t\t\t\t<\/div>\n\t\t\t\t\t<\/div>\n\t\t\t\t<\/div>\n\t\t\t\t<\/div>\n\t\t","protected":false},"excerpt":{"rendered":"<p>Gemeinsam. Erfahren. Verl\u00e4sslich. Seit 1798 steht unser Familienbetrieb f\u00fcr Handschlagqualit\u00e4t, echtes Handwerk und den Anspruch, jedes Projekt mit gr\u00f6\u00dfter Sorgfalt umzusetzen. Unser Team verbindet traditionelle Werte mit modernem Know-how \u2013 von der ersten Idee \u00fcber die pr\u00e4zise Planung bis hin zur finalen Umsetzung. Durch die enge Zusammenarbeit aller Mitarbeiterinnen und Mitarbeiter entsteht ein harmonisches Zusammenspiel [&hellip;]<\/p>\n","protected":false},"author":2,"featured_media":0,"parent":0,"menu_order":0,"comment_status":"closed","ping_status":"closed","template":"","meta":{"footnotes":""},"class_list":["post-31","page","type-page","status-publish","hentry"],"_links":{"self":[{"href":"https:\/\/abendstimmung.net\/index.php\/wp-json\/wp\/v2\/pages\/31","targetHints":{"allow":["GET"]}}],"collection":[{"href":"https:\/\/abendstimmung.net\/index.php\/wp-json\/wp\/v2\/pages"}],"about":[{"href":"https:\/\/abendstimmung.net\/index.php\/wp-json\/wp\/v2\/types\/page"}],"author":[{"embeddable":true,"href":"https:\/\/abendstimmung.net\/index.php\/wp-json\/wp\/v2\/users\/2"}],"replies":[{"embeddable":true,"href":"https:\/\/abendstimmung.net\/index.php\/wp-json\/wp\/v2\/comments?post=31"}],"version-history":[{"count":0,"href":"https:\/\/abendstimmung.net\/index.php\/wp-json\/wp\/v2\/pages\/31\/revisions"}],"wp:attachment":[{"href":"https:\/\/abendstimmung.net\/index.php\/wp-json\/wp\/v2\/media?parent=31"}],"curies":[{"name":"wp","href":"https:\/\/api.w.org\/{rel}","templated":true}]}}